{"id":1847,"date":"2022-12-27T13:01:22","date_gmt":"2022-12-27T12:01:22","guid":{"rendered":"https:\/\/www.mtr.es\/?page_id=1847"},"modified":"2026-04-01T12:29:18","modified_gmt":"2026-04-01T10:29:18","slug":"centro-de-ayuda","status":"publish","type":"page","link":"https:\/\/www.mtr.es\/index.php\/centro-de-ayuda\/","title":{"rendered":"Centro de ayuda"},"content":{"rendered":"\t\t<div data-elementor-type=\"wp-page\" data-elementor-id=\"1847\" class=\"elementor elementor-1847\">\n\t\t\t\t\t\t<section class=\"elementor-section elementor-top-section elementor-element elementor-element-0bc4263 elementor-section-stretched elementor-section-boxed elementor-section-height-default elementor-section-height-default\" data-id=\"0bc4263\" data-element_type=\"section\" data-settings=\"{&quot;background_background&quot;:&quot;classic&quot;,&quot;stretch_section&quot;:&quot;section-stretched&quot;}\">\n\t\t\t\t\t\t\t<div class=\"elementor-background-overlay\"><\/div>\n\t\t\t\t\t\t\t<div class=\"elementor-container elementor-column-gap-no\">\n\t\t\t\t\t<div class=\"elementor-column elementor-col-50 elementor-top-column elementor-element elementor-element-6ccf9d7\" data-id=\"6ccf9d7\" data-element_type=\"column\">\n\t\t\t<div class=\"elementor-widget-wrap elementor-element-populated\">\n\t\t\t\t\t\t<div class=\"elementor-element elementor-element-f8a5f13 elementor-widget elementor-widget-heading\" data-id=\"f8a5f13\" data-element_type=\"widget\" data-widget_type=\"heading.default\">\n\t\t\t\t<div class=\"elementor-widget-container\">\n\t\t\t<h5 class=\"elementor-heading-title elementor-size-default\">Centro de ayuda<\/h5>\t\t<\/div>\n\t\t\t\t<\/div>\n\t\t\t\t<div class=\"elementor-element elementor-element-3db4c5f elementor-widget elementor-widget-spacer\" data-id=\"3db4c5f\" data-element_type=\"widget\" data-widget_type=\"spacer.default\">\n\t\t\t\t<div class=\"elementor-widget-container\">\n\t\t\t\t\t<div class=\"elementor-spacer\">\n\t\t\t<div class=\"elementor-spacer-inner\"><\/div>\n\t\t<\/div>\n\t\t\t\t<\/div>\n\t\t\t\t<\/div>\n\t\t\t\t<div class=\"elementor-element elementor-element-dcedbc9 elementor-widget elementor-widget-text-editor\" data-id=\"dcedbc9\" data-element_type=\"widget\" data-widget_type=\"text-editor.default\">\n\t\t\t\t<div class=\"elementor-widget-container\">\n\t\t\t\t\t\t\t<p>\u00a1Hola! Aqu\u00ed tienes todo lo que necesitas para configurar y empezar a trabajar con MTRGest o redescubrir funcionalidades con nuestros tips.<\/p><p>\u00bfNecesitas m\u00e1s ayuda? Puedes contactar con uno de nuestros expertos llamando al 937 904 147 o enviando un email a mtr@mtr.es.<\/p>\t\t\t\t\t\t<\/div>\n\t\t\t\t<\/div>\n\t\t\t\t\t<\/div>\n\t\t<\/div>\n\t\t\t\t<div class=\"elementor-column elementor-col-50 elementor-top-column elementor-element elementor-element-abdf12e\" data-id=\"abdf12e\" data-element_type=\"column\">\n\t\t\t<div class=\"elementor-widget-wrap elementor-element-populated\">\n\t\t\t\t\t\t<div class=\"elementor-element elementor-element-9cfa646 elementor-widget-tablet__width-inherit elementor-widget-mobile__width-inherit elementor-widget elementor-widget-image\" data-id=\"9cfa646\" data-element_type=\"widget\" data-settings=\"{&quot;_animation&quot;:&quot;none&quot;}\" data-widget_type=\"image.default\">\n\t\t\t\t<div class=\"elementor-widget-container\">\n\t\t\t\t\t\t\t\t\t\t\t\t\t<img fetchpriority=\"high\" decoding=\"async\" width=\"1024\" height=\"735\" src=\"https:\/\/www.mtr.es\/wp-content\/uploads\/2021\/09\/Chica_escritorio.png\" class=\"attachment-full size-full wp-image-890\" alt=\"\" srcset=\"https:\/\/www.mtr.es\/wp-content\/uploads\/2021\/09\/Chica_escritorio.png 1024w, https:\/\/www.mtr.es\/wp-content\/uploads\/2021\/09\/Chica_escritorio-300x215.png 300w, https:\/\/www.mtr.es\/wp-content\/uploads\/2021\/09\/Chica_escritorio-768x551.png 768w, https:\/\/www.mtr.es\/wp-content\/uploads\/2021\/09\/Chica_escritorio-600x431.png 600w\" sizes=\"(max-width: 1024px) 100vw, 1024px\" \/>\t\t\t\t\t\t\t\t\t\t\t\t\t<\/div>\n\t\t\t\t<\/div>\n\t\t\t\t\t<\/div>\n\t\t<\/div>\n\t\t\t\t\t<\/div>\n\t\t<\/section>\n\t\t\t\t<section class=\"elementor-section elementor-top-section elementor-element elementor-element-c45d723 elementor-section-boxed elementor-section-height-default elementor-section-height-default\" data-id=\"c45d723\" data-element_type=\"section\">\n\t\t\t\t\t\t<div class=\"elementor-container elementor-column-gap-default\">\n\t\t\t\t\t<div class=\"elementor-column elementor-col-100 elementor-top-column elementor-element elementor-element-6c35df1\" data-id=\"6c35df1\" data-element_type=\"column\">\n\t\t\t<div class=\"elementor-widget-wrap elementor-element-populated\">\n\t\t\t\t\t\t<div class=\"elementor-element elementor-element-8f0041d elementor-widget elementor-widget-spacer\" data-id=\"8f0041d\" data-element_type=\"widget\" data-widget_type=\"spacer.default\">\n\t\t\t\t<div class=\"elementor-widget-container\">\n\t\t\t\t\t<div class=\"elementor-spacer\">\n\t\t\t<div class=\"elementor-spacer-inner\"><\/div>\n\t\t<\/div>\n\t\t\t\t<\/div>\n\t\t\t\t<\/div>\n\t\t\t\t<div class=\"elementor-element elementor-element-1eb3a89 elementor-tabs-view-horizontal elementor-widget elementor-widget-tabs\" data-id=\"1eb3a89\" data-element_type=\"widget\" data-widget_type=\"tabs.default\">\n\t\t\t\t<div class=\"elementor-widget-container\">\n\t\t\t\t\t<div class=\"elementor-tabs\">\n\t\t\t<div class=\"elementor-tabs-wrapper\" role=\"tablist\" >\n\t\t\t\t\t\t\t\t\t<div id=\"elementor-tab-title-3211\" class=\"elementor-tab-title elementor-tab-desktop-title\" aria-selected=\"true\" data-tab=\"1\" role=\"tab\" tabindex=\"0\" aria-controls=\"elementor-tab-content-3211\" aria-expanded=\"false\">Entidades<\/div>\n\t\t\t\t\t\t\t\t\t<div id=\"elementor-tab-title-3212\" class=\"elementor-tab-title elementor-tab-desktop-title\" aria-selected=\"false\" data-tab=\"2\" role=\"tab\" tabindex=\"-1\" aria-controls=\"elementor-tab-content-3212\" aria-expanded=\"false\">Contabilidad<\/div>\n\t\t\t\t\t\t\t\t\t<div id=\"elementor-tab-title-3213\" class=\"elementor-tab-title elementor-tab-desktop-title\" aria-selected=\"false\" data-tab=\"3\" role=\"tab\" tabindex=\"-1\" aria-controls=\"elementor-tab-content-3213\" aria-expanded=\"false\">Facturaci\u00f3n<\/div>\n\t\t\t\t\t\t\t\t\t<div id=\"elementor-tab-title-3214\" class=\"elementor-tab-title elementor-tab-desktop-title\" aria-selected=\"false\" data-tab=\"4\" role=\"tab\" tabindex=\"-1\" aria-controls=\"elementor-tab-content-3214\" aria-expanded=\"false\">Gu\u00edas de inicio<\/div>\n\t\t\t\t\t\t\t\t\t<div id=\"elementor-tab-title-3215\" class=\"elementor-tab-title elementor-tab-desktop-title\" aria-selected=\"false\" data-tab=\"5\" role=\"tab\" tabindex=\"-1\" aria-controls=\"elementor-tab-content-3215\" aria-expanded=\"false\">Legislaci\u00f3n de inter\u00e9s<\/div>\n\t\t\t\t\t\t\t<\/div>\n\t\t\t<div class=\"elementor-tabs-content-wrapper\" role=\"tablist\" aria-orientation=\"vertical\">\n\t\t\t\t\t\t\t\t\t<div class=\"elementor-tab-title elementor-tab-mobile-title\" aria-selected=\"true\" data-tab=\"1\" role=\"tab\" tabindex=\"0\" aria-controls=\"elementor-tab-content-3211\" aria-expanded=\"false\">Entidades<\/div>\n\t\t\t\t\t<div id=\"elementor-tab-content-3211\" class=\"elementor-tab-content elementor-clearfix\" data-tab=\"1\" role=\"tabpanel\" aria-labelledby=\"elementor-tab-title-3211\" tabindex=\"0\" hidden=\"false\"><p><a href=\"https:\/\/www.mtr.es\/index.php\/soporte-entidades-crear-un-cliente\/\">Crear y configurar un cliente &gt;<\/a><\/p><p><a href=\"https:\/\/www.mtr.es\/index.php\/soporte-entidades-crear-un-proveedor\">Crear y configurar un proveedor &gt;<\/a><\/p><p><a href=\"https:\/\/www.mtr.es\/index.php\/soporte-entidades-listado-clientes\">Exportar a Excel clientes, proveedores, bancos, personal o representantes &gt;<\/a><\/p><\/div>\n\t\t\t\t\t\t\t\t\t<div class=\"elementor-tab-title elementor-tab-mobile-title\" aria-selected=\"false\" data-tab=\"2\" role=\"tab\" tabindex=\"-1\" aria-controls=\"elementor-tab-content-3212\" aria-expanded=\"false\">Contabilidad<\/div>\n\t\t\t\t\t<div id=\"elementor-tab-content-3212\" class=\"elementor-tab-content elementor-clearfix\" data-tab=\"2\" role=\"tabpanel\" aria-labelledby=\"elementor-tab-title-3212\" tabindex=\"0\" hidden=\"hidden\"><p><strong>Asientos<\/strong><\/p><p><a href=\"https:\/\/www.mtr.es\/index.php\/soporte-contabilidad-asientos\/\">Crear, editar o eliminar un asiento &gt;<\/a><\/p><p><a href=\"https:\/\/www.mtr.es\/index.php\/soporte-contabilidad-asientos-predefinidos\/\">Crear y gestionar los asientos predefinidos &gt;<\/a><\/p><p><a href=\"https:\/\/www.mtr.es\/index.php\/soporte-contabilidad-cierre-y-apertura-del-ejercicio\/\">Crear o retroceder el cierre y apertura del ejercicio &gt;<\/a><\/p><p><a href=\"https:\/\/www.mtr.es\/index.php\/soporte-contabilidad-retencion-garantia\/\">Retenci\u00f3n en garant\u00eda de obra &gt;<\/a><\/p><p><strong>Cuentas contables<\/strong><\/p><p><a href=\"https:\/\/www.mtr.es\/index.php\/soporte-contabilidad-cuentas-contables\">Crear, desglosar o eliminar una cuenta contable &gt;<\/a><\/p><p><a href=\"https:\/\/www.mtr.es\/index.php\/soporte-contabilidad-traspaso-cuentas\">Traspasar asientos entre cuentas contables &gt;<\/a><\/p><p><b>Impuestos<\/b><\/p><p><a href=\"https:\/\/www.mtr.es\/index.php\/soporte-contabilidad-347\/\">Declaraci\u00f3n anual de operaciones Modelo 347 &gt;<\/a><\/p><\/div>\n\t\t\t\t\t\t\t\t\t<div class=\"elementor-tab-title elementor-tab-mobile-title\" aria-selected=\"false\" data-tab=\"3\" role=\"tab\" tabindex=\"-1\" aria-controls=\"elementor-tab-content-3213\" aria-expanded=\"false\">Facturaci\u00f3n<\/div>\n\t\t\t\t\t<div id=\"elementor-tab-content-3213\" class=\"elementor-tab-content elementor-clearfix\" data-tab=\"3\" role=\"tabpanel\" aria-labelledby=\"elementor-tab-title-3213\" tabindex=\"0\" hidden=\"hidden\"><p><strong>Facturas<\/strong><\/p><p><a href=\"https:\/\/www.mtr.es\/index.php\/crear-una-factura-de-venta\/\">Crear una factura de venta &gt;<\/a><\/p><p><a href=\"https:\/\/www.mtr.es\/index.php\/soporte-facturacion-factura-electronica\/\">Emitir y recibir una factura electr\u00f3nica &gt;<\/a><\/p><p><a href=\"https:\/\/www.mtr.es\/index.php\/soporte-contabilidad-facturas-importacion\/\">Crear una factura de importaci\u00f3n &gt;<\/a><\/p><p><a href=\"https:\/\/www.mtr.es\/index.php\/soporte-contabilidad-facturas-predefinidas\/\">Crear y gestionar las facturas predefinidas &gt;<\/a><\/p><p><a href=\"https:\/\/www.mtr.es\/index.php\/soporte-facturacion-conceptos-variables\/\">Crear y gestionar los conceptos variables &gt;<\/a><\/p><p><strong>Referencias<\/strong><\/p><p><a href=\"https:\/\/www.mtr.es\/index.php\/soporte-facturacion-referencias\/\">Crear, editar y eliminar una referencia &gt;<\/a><\/p><p><a href=\"https:\/\/www.mtr.es\/index.php\/soporte-facturacion-familias\/\">Agrupar referencias por familia &gt;<\/a><\/p><p><a href=\"https:\/\/www.mtr.es\/index.php\/soporte-facturacion-listado-referencias\/\">Personalizar y exportar el listado de referencias &gt;<\/a><\/p><\/div>\n\t\t\t\t\t\t\t\t\t<div class=\"elementor-tab-title elementor-tab-mobile-title\" aria-selected=\"false\" data-tab=\"4\" role=\"tab\" tabindex=\"-1\" aria-controls=\"elementor-tab-content-3214\" aria-expanded=\"false\">Gu\u00edas de inicio<\/div>\n\t\t\t\t\t<div id=\"elementor-tab-content-3214\" class=\"elementor-tab-content elementor-clearfix\" data-tab=\"4\" role=\"tabpanel\" aria-labelledby=\"elementor-tab-title-3214\" tabindex=\"0\" hidden=\"hidden\"><p><strong>Contabilidad<\/strong><\/p><p><a href=\"https:\/\/www.mtr.es\/soporte\/docs\/mtrgest\/Contabilidad1.pdf\">Contabilidad 1 | Estructura b\u00e1sica &gt;<\/a><\/p><p><a href=\"https:\/\/www.mtr.es\/soporte\/docs\/mtrgest\/Contabilidad2.pdf\">Contabilidad 2 | Operaciones con clientes &gt;<\/a><\/p><p><a href=\"https:\/\/www.mtr.es\/soporte\/docs\/mtrgest\/Contabilidad3.pdf\">Contabilidad 3 | Inmovilizado, personal y operaciones con proveedores &gt;<\/a><\/p><p><strong>Facturaci\u00f3n<\/strong><\/p><p><a href=\"https:\/\/www.mtr.es\/soporte\/docs\/mtrgest\/Facturacion1.pdf\">Facturaci\u00f3n 1 | Clientes y referencias &gt;<\/a><\/p><p><a href=\"https:\/\/www.mtr.es\/soporte\/docs\/mtrgest\/Facturacion2.pdf\">Facturaci\u00f3n 2 | Proceso facturaci\u00f3n &gt;<\/a><\/p><\/div>\n\t\t\t\t\t\t\t\t\t<div class=\"elementor-tab-title elementor-tab-mobile-title\" aria-selected=\"false\" data-tab=\"5\" role=\"tab\" tabindex=\"-1\" aria-controls=\"elementor-tab-content-3215\" aria-expanded=\"false\">Legislaci\u00f3n de inter\u00e9s<\/div>\n\t\t\t\t\t<div id=\"elementor-tab-content-3215\" class=\"elementor-tab-content elementor-clearfix\" data-tab=\"5\" role=\"tabpanel\" aria-labelledby=\"elementor-tab-title-3215\" tabindex=\"0\" hidden=\"hidden\"><p><a href=\"https:\/\/www.boe.es\/buscar\/act.php?id=BOE-A-2026-7295\" target=\"_blank\" rel=\"noopener\">25\/03\/2026 Real Decreto 238\/2026, de 25 de marzo, por el que se desarrolla el sistema de <strong>FACTURACI\u00d3N ELECTR\u00d3NICA<\/strong> entre empresarios y profesionales.<\/a><\/p><p><a href=\"https:\/\/sede.agenciatributaria.gob.es\/Sede\/todas-noticias\/2026\/marzo\/31\/facturacion-electronica-obligatoria.html\" target=\"_blank\" rel=\"noopener\">31\/03\/2026\u00a0\u00a0\u00a0\u00a0\u00a0\u00a0 Agencia Tributaria: <strong>FACTURACI\u00d3N ELECTR\u00d3NICA<\/strong> obligatoria entre empresarios y profesionales<\/a><\/p><p><a href=\"https:\/\/www.boe.es\/eli\/es\/rd\/2025\/04\/01\/254\" target=\"_blank\" rel=\"noopener\">01\/04\/2025 &#8211;\u00a0Real Decreto 254\/2025, de 1 de abril, por el que se modifica el Real Decreto 1007\/2023 (Reglamento para los <strong>Sistemas Inform\u00e1ticos de Facturaci\u00f3n<\/strong>) para retrasar las fechas inicialmente previstas para su aplicaci\u00f3n. Hasta 1 de enero de 2026 para sociedades, y hasta 1 de julio de 2026 para personas f\u00edsicas &gt;<\/a><\/p><p><a href=\"https:\/\/www.boe.es\/buscar\/act.php?id=BOE-A-2024-22138\" target=\"_blank\" rel=\"noopener\">17\/10\/2024 &#8211; Orden HAC\/1177\/2024, de 17 de octubre, por la que se desarrollan las especificaciones t\u00e9cnicas, funcionales y de contenido referidas en el Reglamento que establece los requisitos de todo SIF (<strong>Sistemas Inform\u00e1ticos de Facturaci\u00f3n<\/strong>) aprobado por R.D.1007\/2023, de 5 de diciembre; y en el Reglamento por el que se regulan las obligaciones de facturaci\u00f3n, aprobado por R.D.1619\/2012, de 30 de noviembre &gt;<\/a><\/p><p><a href=\"https:\/\/www.mtr.es\/soporte\/docs\/legislacion-de-interes\/04012024-Proyecto-OM-RD-1007-2023.pdf\" target=\"_blank\" rel=\"noopener\">04\/01\/2024 &#8211; Proyecto de Orden con especificaciones sobre los requisitos de los <strong>Sistemas Inform\u00e1ticos de Facturaci\u00f3n<\/strong> aprobados por el Real Decreto 1007\/2023 (PDF, 308KB) &gt;<\/a><\/p><p><a href=\"https:\/\/www.boe.es\/diario_boe\/txt.php?id=BOE-A-2023-24840\" target=\"_blank\" rel=\"noopener\">05\/12\/2023 &#8211; Real Decreto 1007\/2023 de aprobaci\u00f3n del reglamento de los <strong>sistemas inform\u00e1ticos de facturaci\u00f3n<\/strong> &gt;<\/a><\/p><p><a href=\"https:\/\/portal.mineco.gob.es\/RecursosArticulo\/mineco\/ministerio\/participacion_publica\/audiencia\/ficheros\/ECO_Pol_AP_20230619_RD_factura_electronica.pdf\" target=\"_blank\" rel=\"noopener\">15\/06\/2023 &#8211; Borrador del Proyecto de Real Decreto por el que se desarrolla la ley 18\/2022, de 28 de septiembre, de creaci\u00f3n y crecimientos de empresas en lo referido a la <strong>factura electr\u00f3nica<\/strong> entre empresas y profesionales (PDF, 669KB) &gt;<\/a><\/p><p><a href=\"https:\/\/portal.mineco.gob.es\/RecursosArticulo\/mineco\/ministerio\/participacion_publica\/consulta\/ficheros\/230302_Consulta_publica_creacion_crecimiento_empresas_factura_electronica_entre_empresas_y_profesional.pdf\" target=\"_blank\" rel=\"noopener\">07\/03\/2023 &#8211; Consulta p\u00fablica para el desarrollo del reglamento de la <strong>factura electr\u00f3nica<\/strong> (PDF, 271KB)) &gt;<\/a><\/p><p><a href=\"https:\/\/www.mtr.es\/index.php\/legislacion-factura-electronica\/\">22\/09\/2022 &#8211; Ley 18\/2022 Fragmentos relativos a la <strong>factura electr\u00f3nica<\/strong> &gt;<\/a><\/p><p><a href=\"https:\/\/www.agenciatributaria.es\/static_files\/AEAT_Desarrolladores\/EEDD\/IVA\/VERI-FACTU\/Novedades.pdf\" target=\"_blank\" rel=\"noopener\">21\/06\/2022 &#8211; Novedades del Proyecto de Real Decreto para la aprobaci\u00f3n del reglamento sobre <strong>software de facturaci\u00f3n <\/strong><\/a><a href=\"https:\/\/www.hacienda.gob.es\/Documentacion\/Publico\/NormativaDoctrina\/Proyectos\/21022022-RD-reglamento-digitalizacion.pdf\" target=\"_blank\" rel=\"noopener\">(PDF, 622KB) &gt;<\/a><\/p><p><a href=\"https:\/\/www.hacienda.gob.es\/Documentacion\/Publico\/NormativaDoctrina\/Proyectos\/21022022-RD-reglamento-digitalizacion.pdf\" target=\"_blank\" rel=\"noopener\">21\/02\/2022 &#8211; Proyecto de Real Decreto para el reglamento sobre <strong>software de facturaci\u00f3n<\/strong> (PDF, 302KB) &gt;<\/a><\/p><p><a href=\"https:\/\/www.mtr.es\/soporte\/docs\/legislacion-de-interes\/Ley%2011%202021%20de%209%20de%20julio.%20Ley%20antifraude.%20Art%C3%ADculo%20relativo%20al%20software%20de%20contabilidad%20y%20gesti%C3%B3n%20empresarial.pdf\" target=\"_blank\" rel=\"noopener\">09\/07\/2021 &#8211; Ley antifraude. Art\u00edculo relativo al <strong>software de contabilidad y gesti\u00f3n empresarial<\/strong> (PDF, 232 KB) &gt;<\/a><\/p><\/div>\n\t\t\t\t\t\t\t<\/div>\n\t\t<\/div>\n\t\t\t\t<\/div>\n\t\t\t\t<\/div>\n\t\t\t\t\t<\/div>\n\t\t<\/div>\n\t\t\t\t\t<\/div>\n\t\t<\/section>\n\t\t\t\t<section class=\"elementor-section elementor-top-section elementor-element elementor-element-50c054c elementor-section-stretched elementor-section-boxed elementor-section-height-default elementor-section-height-default\" data-id=\"50c054c\" data-element_type=\"section\" data-settings=\"{&quot;stretch_section&quot;:&quot;section-stretched&quot;,&quot;background_background&quot;:&quot;classic&quot;}\">\n\t\t\t\t\t\t<div class=\"elementor-container elementor-column-gap-default\">\n\t\t\t\t\t<div class=\"elementor-column elementor-col-100 elementor-top-column elementor-element elementor-element-c99ceee\" data-id=\"c99ceee\" data-element_type=\"column\">\n\t\t\t<div class=\"elementor-widget-wrap elementor-element-populated\">\n\t\t\t\t\t\t<div class=\"elementor-element elementor-element-4f11ada elementor-widget elementor-widget-spacer\" data-id=\"4f11ada\" data-element_type=\"widget\" data-widget_type=\"spacer.default\">\n\t\t\t\t<div class=\"elementor-widget-container\">\n\t\t\t\t\t<div class=\"elementor-spacer\">\n\t\t\t<div class=\"elementor-spacer-inner\"><\/div>\n\t\t<\/div>\n\t\t\t\t<\/div>\n\t\t\t\t<\/div>\n\t\t\t\t<div class=\"elementor-element elementor-element-2ad7f35 elementor-widget elementor-widget-heading\" data-id=\"2ad7f35\" data-element_type=\"widget\" data-widget_type=\"heading.default\">\n\t\t\t\t<div class=\"elementor-widget-container\">\n\t\t\t<h3 class=\"elementor-heading-title elementor-size-default\">\u00bfNecesitas m\u00e1s ayuda?<\/h3>\t\t<\/div>\n\t\t\t\t<\/div>\n\t\t\t\t<div class=\"elementor-element elementor-element-c651fd4 elementor-widget elementor-widget-text-editor\" data-id=\"c651fd4\" data-element_type=\"widget\" data-widget_type=\"text-editor.default\">\n\t\t\t\t<div class=\"elementor-widget-container\">\n\t\t\t\t\t\t\t<p>Puedes contactar con uno de nuestros expertos llamando al <strong>937 904 147<\/strong> o enviando un email a <strong>mtr@mtr.es<\/strong>. Nuestro horario de soporte es de:<\/p>\n<p>Lunes a Jueves: Ma\u00f1anas de 09:00h a 13:00h y tardes de 15:30h a 18:00h.<br>Viernes: Ma\u00f1anas de 09:00h a 14:00h<\/p>\t\t\t\t\t\t<\/div>\n\t\t\t\t<\/div>\n\t\t\t\t\t<\/div>\n\t\t<\/div>\n\t\t\t\t\t<\/div>\n\t\t<\/section>\n\t\t\t\t<\/div>\n\t\t","protected":false},"excerpt":{"rendered":"<p>Centro de ayuda \u00a1Hola! Aqu\u00ed tienes todo lo que necesitas para configurar y empezar a trabajar con MTRGest o redescubrir funcionalidades con nuestros tips. \u00bfNecesitas m\u00e1s ayuda? Puedes contactar con uno de nuestros expertos llamando al 937 904 147 o enviando un email a mtr@mtr.es. Entidades Contabilidad Facturaci\u00f3n Gu\u00edas de inicio Legislaci\u00f3n de inter\u00e9s Entidades [&hellip;]<\/p>\n","protected":false},"author":1,"featured_media":0,"parent":0,"menu_order":0,"comment_status":"closed","ping_status":"closed","template":"","meta":{"zakra_sidebar_layout":"customizer","zakra_remove_content_margin":false,"zakra_sidebar":"customizer","zakra_transparent_header":"customizer","zakra_logo":0,"zakra_main_header_style":"default","zakra_menu_item_color":"","zakra_menu_item_hover_color":"","zakra_menu_item_active_color":"","zakra_menu_active_style":"zakra_menu_active_style","zakra_page_header":true,"footnotes":""},"class_list":["post-1847","page","type-page","status-publish","hentry"],"_links":{"self":[{"href":"https:\/\/www.mtr.es\/index.php\/wp-json\/wp\/v2\/pages\/1847","targetHints":{"allow":["GET"]}}],"collection":[{"href":"https:\/\/www.mtr.es\/index.php\/wp-json\/wp\/v2\/pages"}],"about":[{"href":"https:\/\/www.mtr.es\/index.php\/wp-json\/wp\/v2\/types\/page"}],"author":[{"embeddable":true,"href":"https:\/\/www.mtr.es\/index.php\/wp-json\/wp\/v2\/users\/1"}],"replies":[{"embeddable":true,"href":"https:\/\/www.mtr.es\/index.php\/wp-json\/wp\/v2\/comments?post=1847"}],"version-history":[{"count":247,"href":"https:\/\/www.mtr.es\/index.php\/wp-json\/wp\/v2\/pages\/1847\/revisions"}],"predecessor-version":[{"id":3759,"href":"https:\/\/www.mtr.es\/index.php\/wp-json\/wp\/v2\/pages\/1847\/revisions\/3759"}],"wp:attachment":[{"href":"https:\/\/www.mtr.es\/index.php\/wp-json\/wp\/v2\/media?parent=1847"}],"curies":[{"name":"wp","href":"https:\/\/api.w.org\/{rel}","templated":true}]}}