{"id":1867,"date":"2022-12-28T09:54:50","date_gmt":"2022-12-28T08:54:50","guid":{"rendered":"https:\/\/www.mtr.es\/?page_id=1867"},"modified":"2022-12-29T09:58:25","modified_gmt":"2022-12-29T08:58:25","slug":"legislacion-factura-electronica","status":"publish","type":"page","link":"https:\/\/www.mtr.es\/index.php\/legislacion-factura-electronica\/","title":{"rendered":"Soporte-Legislaci\u00f3n-Factura electr\u00f3nica"},"content":{"rendered":"\t\t<div data-elementor-type=\"wp-page\" data-elementor-id=\"1867\" class=\"elementor elementor-1867\">\n\t\t\t\t\t\t<section class=\"elementor-section elementor-top-section elementor-element elementor-element-3015a6c elementor-section-stretched elementor-section-boxed elementor-section-height-default elementor-section-height-default\" data-id=\"3015a6c\" data-element_type=\"section\" data-settings=\"{&quot;background_background&quot;:&quot;classic&quot;,&quot;stretch_section&quot;:&quot;section-stretched&quot;}\">\n\t\t\t\t\t\t\t<div class=\"elementor-background-overlay\"><\/div>\n\t\t\t\t\t\t\t<div class=\"elementor-container elementor-column-gap-no\">\n\t\t\t\t\t<div class=\"elementor-column elementor-col-100 elementor-top-column elementor-element elementor-element-65c8106\" data-id=\"65c8106\" data-element_type=\"column\">\n\t\t\t<div class=\"elementor-widget-wrap elementor-element-populated\">\n\t\t\t\t\t\t<div class=\"elementor-element elementor-element-39ab92d elementor-widget elementor-widget-heading\" data-id=\"39ab92d\" data-element_type=\"widget\" data-widget_type=\"heading.default\">\n\t\t\t\t<div class=\"elementor-widget-container\">\n\t\t\t<h5 class=\"elementor-heading-title elementor-size-default\">Legislaci\u00f3n de inter\u00e9s<\/h5>\t\t<\/div>\n\t\t\t\t<\/div>\n\t\t\t\t<div class=\"elementor-element elementor-element-f0d4ad5 elementor-widget elementor-widget-spacer\" data-id=\"f0d4ad5\" data-element_type=\"widget\" data-widget_type=\"spacer.default\">\n\t\t\t\t<div class=\"elementor-widget-container\">\n\t\t\t\t\t<div class=\"elementor-spacer\">\n\t\t\t<div class=\"elementor-spacer-inner\"><\/div>\n\t\t<\/div>\n\t\t\t\t<\/div>\n\t\t\t\t<\/div>\n\t\t\t\t<div class=\"elementor-element elementor-element-77f3c17 elementor-widget elementor-widget-text-editor\" data-id=\"77f3c17\" data-element_type=\"widget\" data-widget_type=\"text-editor.default\">\n\t\t\t\t<div class=\"elementor-widget-container\">\n\t\t\t\t\t\t\t<p>Textos legales de inter\u00e9s para nuestros programas y usuarios<\/p>\t\t\t\t\t\t<\/div>\n\t\t\t\t<\/div>\n\t\t\t\t\t<\/div>\n\t\t<\/div>\n\t\t\t\t\t<\/div>\n\t\t<\/section>\n\t\t\t\t<section class=\"elementor-section elementor-top-section elementor-element elementor-element-9997dc0 elementor-section-boxed elementor-section-height-default elementor-section-height-default\" data-id=\"9997dc0\" data-element_type=\"section\">\n\t\t\t\t\t\t<div class=\"elementor-container elementor-column-gap-default\">\n\t\t\t\t\t<div class=\"elementor-column elementor-col-100 elementor-top-column elementor-element elementor-element-fa464cd\" data-id=\"fa464cd\" data-element_type=\"column\">\n\t\t\t<div class=\"elementor-widget-wrap elementor-element-populated\">\n\t\t\t\t\t\t<div class=\"elementor-element elementor-element-91d7ab9 elementor-widget elementor-widget-spacer\" data-id=\"91d7ab9\" data-element_type=\"widget\" data-widget_type=\"spacer.default\">\n\t\t\t\t<div class=\"elementor-widget-container\">\n\t\t\t\t\t<div class=\"elementor-spacer\">\n\t\t\t<div class=\"elementor-spacer-inner\"><\/div>\n\t\t<\/div>\n\t\t\t\t<\/div>\n\t\t\t\t<\/div>\n\t\t\t\t<div class=\"elementor-element elementor-element-a770dca elementor-widget elementor-widget-heading\" data-id=\"a770dca\" data-element_type=\"widget\" data-widget_type=\"heading.default\">\n\t\t\t\t<div class=\"elementor-widget-container\">\n\t\t\t<h3 class=\"elementor-heading-title elementor-size-default\">Ley 18\/2022 de 28 de septiembre de Creaci\u00f3n y Crecimiento de Empresas\n\nFragmentos relativos a la FACTURA ELECTR\u00d3NICA\n<\/h3>\t\t<\/div>\n\t\t\t\t<\/div>\n\t\t\t\t\t<\/div>\n\t\t<\/div>\n\t\t\t\t\t<\/div>\n\t\t<\/section>\n\t\t\t\t<section class=\"elementor-section elementor-top-section elementor-element elementor-element-c0a7109 elementor-section-boxed elementor-section-height-default elementor-section-height-default\" data-id=\"c0a7109\" data-element_type=\"section\">\n\t\t\t\t\t\t<div class=\"elementor-container elementor-column-gap-default\">\n\t\t\t\t\t<div class=\"elementor-column elementor-col-100 elementor-top-column elementor-element elementor-element-33245e5\" data-id=\"33245e5\" data-element_type=\"column\">\n\t\t\t<div class=\"elementor-widget-wrap elementor-element-populated\">\n\t\t\t\t\t\t<div class=\"elementor-element elementor-element-3028df8 elementor-widget elementor-widget-spacer\" data-id=\"3028df8\" data-element_type=\"widget\" data-widget_type=\"spacer.default\">\n\t\t\t\t<div class=\"elementor-widget-container\">\n\t\t\t\t\t<div class=\"elementor-spacer\">\n\t\t\t<div class=\"elementor-spacer-inner\"><\/div>\n\t\t<\/div>\n\t\t\t\t<\/div>\n\t\t\t\t<\/div>\n\t\t\t\t<div class=\"elementor-element elementor-element-f4df6fe elementor-widget elementor-widget-text-editor\" data-id=\"f4df6fe\" data-element_type=\"widget\" data-widget_type=\"text-editor.default\">\n\t\t\t\t<div class=\"elementor-widget-container\">\n\t\t\t\t\t\t\t<ul><li>Por ello esta ley impulsa la adopci\u00f3n generalizada de la factura electr\u00f3nica mediante la <strong>modificaci\u00f3n de la Ley 56\/2007<\/strong>, de 28 de diciembre, de Medidas de Impulso de la Sociedad de la Informaci\u00f3n, <strong>ampliando la obligaci\u00f3n de expedir y remitir facturas electr\u00f3nicas a todos los empresarios y profesionales<\/strong> en sus relaciones comerciales. Y remite a desarrollar reglamentariamente los requisitos de interoperabilidad m\u00ednima entre los prestadores de soluciones tecnol\u00f3gicas de facturas electr\u00f3nicas, los requisitos t\u00e9cnicos y de informaci\u00f3n que deber\u00e1 incluir la factura electr\u00f3nica y los sistemas que la procesan para poder controlar la fecha de pago y determinar los periodos medios de pago de las empresas.<\/li><li>Periodo transitorio de <strong>dos a\u00f1os desde la aprobaci\u00f3n de su desarrollo reglamentario<\/strong> para la implementaci\u00f3n de la factura electr\u00f3nica obligatoria (empresas de menor tama\u00f1o)<\/li><li>Las grandes empresas, con mayor m\u00fasculo financiero, encaren la transici\u00f3n en una primera etapa <strong style=\"font-style: inherit; color: var( --e-global-color-text ); font-family: var( --e-global-typography-text-font-family ), Sans-serif;\">conforme a lo indicado en la disposici\u00f3n final octava.<\/strong><\/li><\/ul>\t\t\t\t\t\t<\/div>\n\t\t\t\t<\/div>\n\t\t\t\t\t<\/div>\n\t\t<\/div>\n\t\t\t\t\t<\/div>\n\t\t<\/section>\n\t\t\t\t<section class=\"elementor-section elementor-top-section elementor-element elementor-element-a53fe6e elementor-section-boxed elementor-section-height-default elementor-section-height-default\" data-id=\"a53fe6e\" data-element_type=\"section\">\n\t\t\t\t\t\t<div class=\"elementor-container elementor-column-gap-default\">\n\t\t\t\t\t<div class=\"elementor-column elementor-col-100 elementor-top-column elementor-element elementor-element-85dd94d\" data-id=\"85dd94d\" data-element_type=\"column\">\n\t\t\t<div class=\"elementor-widget-wrap elementor-element-populated\">\n\t\t\t\t\t\t<div class=\"elementor-element elementor-element-a583430 elementor-widget elementor-widget-spacer\" data-id=\"a583430\" data-element_type=\"widget\" data-widget_type=\"spacer.default\">\n\t\t\t\t<div class=\"elementor-widget-container\">\n\t\t\t\t\t<div class=\"elementor-spacer\">\n\t\t\t<div class=\"elementor-spacer-inner\"><\/div>\n\t\t<\/div>\n\t\t\t\t<\/div>\n\t\t\t\t<\/div>\n\t\t\t\t<div class=\"elementor-element elementor-element-f84dbbb elementor-widget elementor-widget-text-editor\" data-id=\"f84dbbb\" data-element_type=\"widget\" data-widget_type=\"text-editor.default\">\n\t\t\t\t<div class=\"elementor-widget-container\">\n\t\t\t\t\t\t\t<p><b>Art\u00edculo 12. <em>Modificaci\u00f3n de la Ley 56\/2007, de 28 de diciembre, de Medidas de Impulso de la Sociedad de la Informaci\u00f3n<\/em><em>.<\/em><\/b><\/p><p><strong>Se modifica el art\u00edculo 2 bis de la Ley 56\/2007<\/strong>, de 28 de diciembre, de Medidas de Impulso de la Sociedad de la Informaci\u00f3n, que queda redactado como sigue:<\/p><p><strong style=\"font-style: inherit; color: var( --e-global-color-text ); font-family: var( --e-global-typography-text-font-family ), Sans-serif;\">\u00abArt\u00edculo 2 bis. <em>Factura electr\u00f3nica en el sector privado.<\/em><\/strong><\/p><p>A efectos de lo dispuesto en esta ley:<\/p><ol><li><strong>Todos los empresarios y profesionales deber\u00e1n expedir, remitir y recibir<\/strong> facturas electr\u00f3nicas en sus relaciones comerciales con otros empresarios y profesionales. El destinatario y el emisor de las facturas electr\u00f3nicas deber\u00e1n proporcionar informaci\u00f3n sobre los estados de la factura.<\/li><li>Las soluciones tecnol\u00f3gicas y plataformas ofrecidas por empresas proveedoras de servicios de facturaci\u00f3n electr\u00f3nica a los empresarios y profesionales deber\u00e1n garantizar su interconexi\u00f3n e interoperabilidad gratuitas. De la misma forma, las soluciones y plataformas de facturaci\u00f3n electr\u00f3nica propias de las empresas emisoras y receptoras deber\u00e1n cumplir los mismos criterios de interconexi\u00f3n e interoperabilidad gratuita con el resto de soluciones de facturaci\u00f3n electr\u00f3nica.<\/li><li>Durante un plazo de cuatro a\u00f1os desde la emisi\u00f3n de las facturas electr\u00f3nicas, los destinatarios podr\u00e1n solicitar copia de las mismas sin incurrir en costes adicionales. (3 bis) El receptor de la factura no podr\u00e1 obligar a su emisor a la utilizaci\u00f3n de una soluci\u00f3n, plataforma o proveedor de servicios de facturaci\u00f3n electr\u00f3nica predeterminado.<\/li><li>Las empresas prestadoras de los servicios a que alude el art\u00edculo 2.2, deber\u00e1n expedir y remitir facturas electr\u00f3nicas en sus relaciones con particulares que acepten recibirlas o que las hayan solicitado expresamente. Este deber es independiente del tama\u00f1o de su plantilla o de su volumen anual de operaciones.<br \/>No obstante, las agencias de viaje, los servicios de transporte y las actividades de comercio al por menor solo est\u00e1n obligadas a emitir facturas electr\u00f3nicas en los t\u00e9rminos previstos en el p\u00e1rrafo anterior cuando la contrataci\u00f3n se haya llevado a cabo por medios electr\u00f3nicos.<\/li><\/ol><ol start=\"5\"><li>El Gobierno podr\u00e1 ampliar el \u00e1mbito de aplicaci\u00f3n de lo dispuesto en el apartado 4 a empresas o entidades que no presten al p\u00fablico en general servicios de especial trascendencia econ\u00f3mica en los casos en que se considere que deban tener una interlocuci\u00f3n telem\u00e1tica con sus clientes o usuarios, por la naturaleza de los servicios que prestan, y emitan un n\u00famero elevado de facturas.<\/li><li>Las facturas electr\u00f3nicas deber\u00e1n cumplir, en todo caso, lo dispuesto en la normativa espec\u00edfica sobre facturaci\u00f3n.<br \/>As\u00ed mismo, <strong>los sistemas y programas inform\u00e1ticos o electr\u00f3nicos que gestionen los procesos de facturaci\u00f3n y conserven las facturas electr\u00f3nicas deber\u00e1n respetar los requisitos a los que se refiere el art\u00edculo 29.2.j) de la Ley 58\/2003, de 17 de diciembre, General Tributaria, y su desarrollo reglamentario.<\/strong><\/li><li>Las empresas prestadoras de servicios a que alude el apartado 4 deber\u00e1n facilitar acceso a los programas necesarios para que los usuarios puedan leer, copiar, descargar e imprimir la factura electr\u00f3nica de forma gratuita sin tener que acudir a otras fuentes para proveerse de las aplicaciones necesarias para ello.<br \/>Deber\u00e1n habilitar procedimientos sencillos y gratuitos para que los usuarios puedan revocar el consentimiento dado a la recepci\u00f3n de facturas electr\u00f3nicas en cualquier momento.<\/li><\/ol><ol start=\"8\"><li>El per\u00edodo durante el que el cliente puede consultar sus facturas por medios electr\u00f3nicos establecido en el art\u00edculo 2.1.b) no se altera porque aquel haya resuelto su contrato con la empresa o revocado su consentimiento para recibir facturas electr\u00f3nicas. Tampoco caduca por esta causa su derecho a acceder a las facturas emitidas con anterioridad.<\/li><li>Las empresas que, estando obligadas a ello, no ofrezcan a los usuarios la posibilidad de recibir facturas electr\u00f3nicas o no permitan el acceso de las personas que han dejado de ser clientes a sus facturas, ser\u00e1n sancionadas con apercibimiento o una multa de hasta 10.000 euros. La sanci\u00f3n se determinar\u00e1 y graduar\u00e1 conforme a los criterios establecidos en el art\u00edculo 19.2 de la Ley 6\/2020, de 11 de noviembre, reguladora de determinados aspectos de los servicios electr\u00f3nicos de confianza. Id\u00e9ntica sanci\u00f3n puede imponerse a las empresas que presten servicios al p\u00fablico en general de especial trascendencia econ\u00f3mica que no cumplan las dem\u00e1s obligaciones previstas en el art\u00edculo 2.1. Es competente para imponer esta sanci\u00f3n la persona titular de la Secretar\u00eda de Estado de Digitalizaci\u00f3n e Inteligencia Artificial.<\/li><li><strong> El procedimiento de acreditaci\u00f3n de la interconexi\u00f3n y la interoperabilidad de las plataformas se determinar\u00e1 reglamentariamente.\u00bb<\/strong><\/li><\/ol>\t\t\t\t\t\t<\/div>\n\t\t\t\t<\/div>\n\t\t\t\t\t<\/div>\n\t\t<\/div>\n\t\t\t\t\t<\/div>\n\t\t<\/section>\n\t\t\t\t<section class=\"elementor-section elementor-top-section elementor-element elementor-element-3141d13 elementor-section-boxed elementor-section-height-default elementor-section-height-default\" data-id=\"3141d13\" data-element_type=\"section\">\n\t\t\t\t\t\t<div class=\"elementor-container elementor-column-gap-default\">\n\t\t\t\t\t<div class=\"elementor-column elementor-col-100 elementor-top-column elementor-element elementor-element-b9b3b5b\" data-id=\"b9b3b5b\" data-element_type=\"column\">\n\t\t\t<div class=\"elementor-widget-wrap elementor-element-populated\">\n\t\t\t\t\t\t<div class=\"elementor-element elementor-element-d396e6b elementor-widget elementor-widget-spacer\" data-id=\"d396e6b\" data-element_type=\"widget\" data-widget_type=\"spacer.default\">\n\t\t\t\t<div class=\"elementor-widget-container\">\n\t\t\t\t\t<div class=\"elementor-spacer\">\n\t\t\t<div class=\"elementor-spacer-inner\"><\/div>\n\t\t<\/div>\n\t\t\t\t<\/div>\n\t\t\t\t<\/div>\n\t\t\t\t<div class=\"elementor-element elementor-element-468cc25 elementor-widget elementor-widget-text-editor\" data-id=\"468cc25\" data-element_type=\"widget\" data-widget_type=\"text-editor.default\">\n\t\t\t\t<div class=\"elementor-widget-container\">\n\t\t\t\t\t\t\t<p><b>Disposici\u00f3n final s\u00e9ptima. Desarrollo reglamentario.<\/b><\/p><p>Se habilita al Gobierno para desarrollar reglamentariamente lo previsto en esta ley, en el \u00e1mbito de sus competencias.<\/p><p>En particular, en relaci\u00f3n con lo dispuesto en el art\u00edculo 12 de esta ley, los Ministerios de Asuntos Econ\u00f3micos y Transformaci\u00f3n Digital y de Hacienda y Funci\u00f3n P\u00fablica, en el \u00e1mbito de sus competencias, determinar\u00e1n los requisitos t\u00e9cnicos y de informaci\u00f3n a incluir en la factura electr\u00f3nica a efectos de verificar la fecha de pago y obtener los periodos medios de pago, los requisitos de interoperabilidad m\u00ednima entre los prestadores de soluciones tecnol\u00f3gicas de facturas electr\u00f3nicas, y los requisitos de seguridad, control y estandarizaci\u00f3n de los dispositivos y sistemas inform\u00e1ticos que generen los documentos.<\/p><p>Estos requisitos t\u00e9cnicos deber\u00e1n tener en cuenta la realidad actual del uso de facturas electr\u00f3nicas estructuradas basadas en est\u00e1ndares globales de forma que se minimice, en lo posible, el esfuerzo de cumplimiento y adaptaci\u00f3n de las empresas que ya usan facturas electr\u00f3nicas estructuradas basadas en dichos est\u00e1ndares.<\/p><p>El plazo para aprobar estos desarrollos reglamentarios ser\u00e1 de seis meses a contar desde la publicaci\u00f3n en el BOE de la presente ley.<\/p><p>Este desarrollo se realizar\u00e1 admitiendo como v\u00e1lidas, al menos, la lista de sintaxis contenida en la Decisi\u00f3n de Ejecuci\u00f3n (UE) 2017\/1870 de la Comisi\u00f3n, de 16 de octubre de 2017, sobre la publicaci\u00f3n de la referencia de la norma europea sobre facturaci\u00f3n electr\u00f3nica y la lista de sus sintaxis de conformidad con la Directiva 2014\/55\/UE del Parlamento Europeo y del Consejo.<\/p><p>Previo a la aprobaci\u00f3n del desarrollo reglamentario, el Gobierno abrir\u00e1 un per\u00edodo de exposici\u00f3n p\u00fablica del reglamento regulador de la factura electr\u00f3nica, a efecto de presentaci\u00f3n de alegaciones por parte de los interesados.<\/p><p><b>Disposici\u00f3n final octava. Entrada en vigor.<\/b><\/p><p>La presente ley entrar\u00e1 en vigor a los veinte d\u00edas de su publicaci\u00f3n en el \u00abBolet\u00edn Oficial del Estado\u00bb, a excepci\u00f3n del cap\u00edtulo V que entrar\u00e1 en vigor a partir del 10 de noviembre de 2022 y del<b> art\u00edculo 12, relativo a la facturaci\u00f3n electr\u00f3nica entre empresarios y profesionales, que producir\u00e1 efectos, para los empresarios y profesionales cuya facturaci\u00f3n anual sea superior a ocho millones de euros, al a\u00f1o de aprobarse el desarrollo reglamentario. Para el resto de los empresarios y profesionales, este art\u00edculo producir\u00e1 efectos a los dos a\u00f1os de aprobarse el desarrollo reglamentario<\/b>. La entrada en vigor del art\u00edculo 12 est\u00e1 supeditada a la obtenci\u00f3n de la excepci\u00f3n comunitaria a los art\u00edculos 218 y 232 de la Directiva 2006\/112\/CE del Consejo, de 28 de noviembre de 2006, relativa al sistema com\u00fan del impuesto sobre el valor a\u00f1adido.<\/p>\t\t\t\t\t\t<\/div>\n\t\t\t\t<\/div>\n\t\t\t\t\t<\/div>\n\t\t<\/div>\n\t\t\t\t\t<\/div>\n\t\t<\/section>\n\t\t\t\t<section class=\"elementor-section elementor-top-section elementor-element elementor-element-95770e6 elementor-section-boxed elementor-section-height-default elementor-section-height-default\" data-id=\"95770e6\" data-element_type=\"section\">\n\t\t\t\t\t\t<div class=\"elementor-container elementor-column-gap-default\">\n\t\t\t\t\t<div class=\"elementor-column elementor-col-100 elementor-top-column elementor-element elementor-element-db4b7f5\" data-id=\"db4b7f5\" data-element_type=\"column\">\n\t\t\t<div class=\"elementor-widget-wrap elementor-element-populated\">\n\t\t\t\t\t\t<div class=\"elementor-element elementor-element-a8e6e9c elementor-widget elementor-widget-spacer\" data-id=\"a8e6e9c\" data-element_type=\"widget\" data-widget_type=\"spacer.default\">\n\t\t\t\t<div class=\"elementor-widget-container\">\n\t\t\t\t\t<div class=\"elementor-spacer\">\n\t\t\t<div class=\"elementor-spacer-inner\"><\/div>\n\t\t<\/div>\n\t\t\t\t<\/div>\n\t\t\t\t<\/div>\n\t\t\t\t<div class=\"elementor-element elementor-element-b544958 elementor-widget elementor-widget-text-editor\" data-id=\"b544958\" data-element_type=\"widget\" data-widget_type=\"text-editor.default\">\n\t\t\t\t<div class=\"elementor-widget-container\">\n\t\t\t\t\t\t\t<p><b>DIRECTIVA 2006\/112\/CE<\/b><\/p><p><b>Art\u00edculo 218<br \/><\/b><span style=\"font-style: inherit; font-weight: inherit; color: var( --e-global-color-text ); font-family: var( --e-global-typography-text-font-family ), Sans-serif;\">A efectos de la presente Directiva, los Estados miembros aceptar\u00e1n como factura cualquier documento o mensaje en papel o en forma electr\u00f3nica que cumpla las condiciones determinadas por el presente cap\u00edtulo.<\/span><\/p><p><b>Art\u00edculo 232<br \/><\/b><span style=\"font-style: inherit; font-weight: inherit; color: var( --e-global-color-text ); font-family: var( --e-global-typography-text-font-family ), Sans-serif;\">Las facturas expedidas en aplicaci\u00f3n de las disposiciones de la secci\u00f3n 2 podr\u00e1n ser transmitidas en papel o, a reserva de la aceptaci\u00f3n del destinatario, transmitidas o suministradas por v\u00eda electr\u00f3nica.<\/span><\/p>\t\t\t\t\t\t<\/div>\n\t\t\t\t<\/div>\n\t\t\t\t\t<\/div>\n\t\t<\/div>\n\t\t\t\t\t<\/div>\n\t\t<\/section>\n\t\t\t\t<\/div>\n\t\t","protected":false},"excerpt":{"rendered":"<p>Legislaci\u00f3n de inter\u00e9s Textos legales de inter\u00e9s para nuestros programas y usuarios Ley 18\/2022 de 28 de septiembre de Creaci\u00f3n y Crecimiento de Empresas Fragmentos relativos a la FACTURA ELECTR\u00d3NICA Por ello esta ley impulsa la adopci\u00f3n generalizada de la factura electr\u00f3nica mediante la modificaci\u00f3n de la Ley 56\/2007, de 28 de diciembre, de Medidas [&hellip;]<\/p>\n","protected":false},"author":1,"featured_media":0,"parent":0,"menu_order":0,"comment_status":"closed","ping_status":"closed","template":"","meta":{"zakra_sidebar_layout":"customizer","zakra_remove_content_margin":false,"zakra_sidebar":"customizer","zakra_transparent_header":"customizer","zakra_logo":0,"zakra_main_header_style":"default","zakra_menu_item_color":"","zakra_menu_item_hover_color":"","zakra_menu_item_active_color":"","zakra_menu_active_style":"zakra_menu_active_style","zakra_page_header":true,"footnotes":""},"class_list":["post-1867","page","type-page","status-publish","hentry"],"_links":{"self":[{"href":"https:\/\/www.mtr.es\/index.php\/wp-json\/wp\/v2\/pages\/1867","targetHints":{"allow":["GET"]}}],"collection":[{"href":"https:\/\/www.mtr.es\/index.php\/wp-json\/wp\/v2\/pages"}],"about":[{"href":"https:\/\/www.mtr.es\/index.php\/wp-json\/wp\/v2\/types\/page"}],"author":[{"embeddable":true,"href":"https:\/\/www.mtr.es\/index.php\/wp-json\/wp\/v2\/users\/1"}],"replies":[{"embeddable":true,"href":"https:\/\/www.mtr.es\/index.php\/wp-json\/wp\/v2\/comments?post=1867"}],"version-history":[{"count":6,"href":"https:\/\/www.mtr.es\/index.php\/wp-json\/wp\/v2\/pages\/1867\/revisions"}],"predecessor-version":[{"id":1904,"href":"https:\/\/www.mtr.es\/index.php\/wp-json\/wp\/v2\/pages\/1867\/revisions\/1904"}],"wp:attachment":[{"href":"https:\/\/www.mtr.es\/index.php\/wp-json\/wp\/v2\/media?parent=1867"}],"curies":[{"name":"wp","href":"https:\/\/api.w.org\/{rel}","templated":true}]}}