{"id":2051,"date":"2023-01-23T11:09:09","date_gmt":"2023-01-23T10:09:09","guid":{"rendered":"https:\/\/www.mtr.es\/?page_id=2051"},"modified":"2024-03-26T16:59:23","modified_gmt":"2024-03-26T15:59:23","slug":"soporte-facturacion-factura-electronica","status":"publish","type":"page","link":"https:\/\/www.mtr.es\/index.php\/soporte-facturacion-factura-electronica\/","title":{"rendered":"Soporte-Facturaci\u00f3n-Factura electr\u00f3nica"},"content":{"rendered":"\t\t<div data-elementor-type=\"wp-page\" data-elementor-id=\"2051\" class=\"elementor elementor-2051\">\n\t\t\t\t\t\t<section class=\"elementor-section elementor-top-section elementor-element elementor-element-f79dce3 elementor-section-stretched elementor-section-boxed elementor-section-height-default elementor-section-height-default\" data-id=\"f79dce3\" data-element_type=\"section\" data-settings=\"{&quot;background_background&quot;:&quot;classic&quot;,&quot;stretch_section&quot;:&quot;section-stretched&quot;}\">\n\t\t\t\t\t\t\t<div class=\"elementor-background-overlay\"><\/div>\n\t\t\t\t\t\t\t<div class=\"elementor-container elementor-column-gap-no\">\n\t\t\t\t\t<div class=\"elementor-column elementor-col-100 elementor-top-column elementor-element elementor-element-c005306\" data-id=\"c005306\" data-element_type=\"column\">\n\t\t\t<div class=\"elementor-widget-wrap elementor-element-populated\">\n\t\t\t\t\t\t<div class=\"elementor-element elementor-element-141ffe4 elementor-widget elementor-widget-heading\" data-id=\"141ffe4\" data-element_type=\"widget\" data-widget_type=\"heading.default\">\n\t\t\t\t<div class=\"elementor-widget-container\">\n\t\t\t<h5 class=\"elementor-heading-title elementor-size-default\">Emitir y recibir una factura electr\u00f3nica<\/h5>\t\t<\/div>\n\t\t\t\t<\/div>\n\t\t\t\t<div class=\"elementor-element elementor-element-1d06fd9 elementor-widget elementor-widget-spacer\" data-id=\"1d06fd9\" data-element_type=\"widget\" data-widget_type=\"spacer.default\">\n\t\t\t\t<div class=\"elementor-widget-container\">\n\t\t\t\t\t<div class=\"elementor-spacer\">\n\t\t\t<div class=\"elementor-spacer-inner\"><\/div>\n\t\t<\/div>\n\t\t\t\t<\/div>\n\t\t\t\t<\/div>\n\t\t\t\t\t<\/div>\n\t\t<\/div>\n\t\t\t\t\t<\/div>\n\t\t<\/section>\n\t\t\t\t<section class=\"elementor-section elementor-top-section elementor-element elementor-element-9e9c9e1 elementor-section-boxed elementor-section-height-default elementor-section-height-default\" data-id=\"9e9c9e1\" data-element_type=\"section\">\n\t\t\t\t\t\t<div class=\"elementor-container elementor-column-gap-default\">\n\t\t\t\t\t<div class=\"elementor-column elementor-col-100 elementor-top-column elementor-element elementor-element-495d00b\" data-id=\"495d00b\" data-element_type=\"column\">\n\t\t\t<div class=\"elementor-widget-wrap elementor-element-populated\">\n\t\t\t\t\t\t<div class=\"elementor-element elementor-element-4732ff2 elementor-widget elementor-widget-spacer\" data-id=\"4732ff2\" data-element_type=\"widget\" data-widget_type=\"spacer.default\">\n\t\t\t\t<div class=\"elementor-widget-container\">\n\t\t\t\t\t<div class=\"elementor-spacer\">\n\t\t\t<div class=\"elementor-spacer-inner\"><\/div>\n\t\t<\/div>\n\t\t\t\t<\/div>\n\t\t\t\t<\/div>\n\t\t\t\t<div class=\"elementor-element elementor-element-42c36d0 elementor-widget elementor-widget-text-editor\" data-id=\"42c36d0\" data-element_type=\"widget\" data-widget_type=\"text-editor.default\">\n\t\t\t\t<div class=\"elementor-widget-container\">\n\t\t\t\t\t\t\t<p><span style=\"color: #000000; font-family: -apple-system, BlinkMacSystemFont, 'Segoe UI', Roboto, Helvetica, Arial, sans-serif; font-size: 14px; letter-spacing: normal;\">Seg\u00fan la nueva normativa de la reci\u00e9n Ley Crea y Crece, la factura electr\u00f3nica pasar\u00e1 a ser obligatoria a finales del 2025. MTRGest ya esta preparado para emitir facturas electr\u00f3nicas, actualmente necesario si facturas a la Administraci\u00f3n, e incluso recibir facturas electr\u00f3nicas de tus proveedores.<\/span><\/p>\t\t\t\t\t\t<\/div>\n\t\t\t\t<\/div>\n\t\t\t\t<div class=\"elementor-element elementor-element-da1292a elementor-widget elementor-widget-text-editor\" data-id=\"da1292a\" data-element_type=\"widget\" data-widget_type=\"text-editor.default\">\n\t\t\t\t<div class=\"elementor-widget-container\">\n\t\t\t\t\t\t\t<h4>Emitir una factura electr\u00f3nica:<\/h4><ol><li>Ir a\u00a0<span style=\"font-weight: 600;\">Contabilidad\/Movimientos\/Facturas de venta<\/span>.<\/li><li><span style=\"color: var( --e-global-color-text ); font-family: var( --e-global-typography-text-font-family ), Sans-serif; font-weight: var( --e-global-typography-text-font-weight ); letter-spacing: 0.01em;\">Registra una <\/span><span style=\"color: var( --e-global-color-text ); font-family: var( --e-global-typography-text-font-family ), Sans-serif; letter-spacing: 0.01em;\"><b>nueva factura de venta<\/b><\/span><span style=\"color: var( --e-global-color-text ); font-family: var( --e-global-typography-text-font-family ), Sans-serif; font-weight: var( --e-global-typography-text-font-weight ); letter-spacing: 0.01em;\"> y rellena los datos del cliente y de los productos o servicios que facturas.<\/span><\/li><li>Una vez registrada, pulsa bot\u00f3n de la derecha sobre la factura y \u00ab<b>Factura electr\u00f3nica<\/b>\u00bb. Se crear\u00e1 el archivo xml de la factura electr\u00f3nica en las <b>descargas<\/b> de tu navegador.<\/li><li><span style=\"color: var( --e-global-color-text ); font-family: var( --e-global-typography-text-font-family ), Sans-serif; letter-spacing: 0.01em;\"><b>Firma la factura<\/b><\/span><span style=\"color: var( --e-global-color-text ); font-family: var( --e-global-typography-text-font-family ), Sans-serif; font-weight: var( --e-global-typography-text-font-weight ); letter-spacing: 0.01em;\"> electr\u00f3nica (puedes utilizar el programa Autofirma de la Administraci\u00f3n).<\/span><\/li><li>Env\u00eda la factura electr\u00f3nica a tu cliente por el medio que prefieras: portal del cliente, correo electr\u00f3nico, WhatsApp, SMS, etc.<\/li><\/ol>\t\t\t\t\t\t<\/div>\n\t\t\t\t<\/div>\n\t\t\t\t<div class=\"elementor-element elementor-element-4980292 elementor-widget elementor-widget-image\" data-id=\"4980292\" data-element_type=\"widget\" data-widget_type=\"image.default\">\n\t\t\t\t<div class=\"elementor-widget-container\">\n\t\t\t\t\t\t\t\t\t\t\t\t\t<img fetchpriority=\"high\" decoding=\"async\" width=\"711\" height=\"394\" src=\"https:\/\/www.mtr.es\/wp-content\/uploads\/2024\/03\/Sin-titulo.png\" class=\"attachment-large size-large wp-image-3068\" alt=\"\" srcset=\"https:\/\/www.mtr.es\/wp-content\/uploads\/2024\/03\/Sin-titulo.png 711w, https:\/\/www.mtr.es\/wp-content\/uploads\/2024\/03\/Sin-titulo-300x166.png 300w\" sizes=\"(max-width: 711px) 100vw, 711px\" \/>\t\t\t\t\t\t\t\t\t\t\t\t\t<\/div>\n\t\t\t\t<\/div>\n\t\t\t\t<div class=\"elementor-element elementor-element-5237b90 elementor-widget elementor-widget-spacer\" data-id=\"5237b90\" data-element_type=\"widget\" data-widget_type=\"spacer.default\">\n\t\t\t\t<div class=\"elementor-widget-container\">\n\t\t\t\t\t<div class=\"elementor-spacer\">\n\t\t\t<div class=\"elementor-spacer-inner\"><\/div>\n\t\t<\/div>\n\t\t\t\t<\/div>\n\t\t\t\t<\/div>\n\t\t\t\t<div class=\"elementor-element elementor-element-b812061 elementor-widget__width-initial elementor-widget elementor-widget-text-editor\" data-id=\"b812061\" data-element_type=\"widget\" data-widget_type=\"text-editor.default\">\n\t\t\t\t<div class=\"elementor-widget-container\">\n\t\t\t\t\t\t\t<h4 style=\"font-style: normal; letter-spacing: 0.16px;\">Recibir una factura electr\u00f3nica:<\/h4><ol style=\"color: #111111; font-family: Raleway, sans-serif; font-size: 16px; font-weight: 400; letter-spacing: 0.16px;\"><li>Ir a\u00a0<span style=\"font-weight: 600;\">Contabilidad\/Movimientos\/Facturas de compra.<\/span><\/li><li>Pulsa el bot\u00f3n\u00a0<span style=\"font-weight: bold;\">\u2026\u00a0M\u00e1s opciones<\/span>\u00a0e\u00a0<span style=\"font-weight: bold;\">Importar factura electr\u00f3nica<\/span>.<\/li><li><span style=\"font-weight: bold;\">Selecciona el archivo XML<\/span>\u00a0que te ha enviado tu proveedor.<\/li><li>Se crear\u00e1 autom\u00e1ticamente una nueva factura con todos los datos de la factura electr\u00f3nica emitida por tu proveedor.<\/li><li>Simplemente tienes que verificar los datos y\u00a0<span style=\"font-weight: bold;\">grabar<\/span>\u00a0la nueva factura.<\/li><\/ol>\t\t\t\t\t\t<\/div>\n\t\t\t\t<\/div>\n\t\t\t\t<div class=\"elementor-element elementor-element-af8bef4 elementor-widget elementor-widget-image\" data-id=\"af8bef4\" data-element_type=\"widget\" data-widget_type=\"image.default\">\n\t\t\t\t<div class=\"elementor-widget-container\">\n\t\t\t\t\t\t\t\t\t\t\t\t\t<img decoding=\"async\" width=\"812\" height=\"358\" src=\"https:\/\/www.mtr.es\/wp-content\/uploads\/2024\/03\/Sin-titulo2-1024x451.png\" class=\"attachment-large size-large wp-image-3069\" alt=\"\" srcset=\"https:\/\/www.mtr.es\/wp-content\/uploads\/2024\/03\/Sin-titulo2-1024x451.png 1024w, https:\/\/www.mtr.es\/wp-content\/uploads\/2024\/03\/Sin-titulo2-300x132.png 300w, https:\/\/www.mtr.es\/wp-content\/uploads\/2024\/03\/Sin-titulo2-768x339.png 768w, https:\/\/www.mtr.es\/wp-content\/uploads\/2024\/03\/Sin-titulo2-1536x677.png 1536w, https:\/\/www.mtr.es\/wp-content\/uploads\/2024\/03\/Sin-titulo2.png 1590w\" sizes=\"(max-width: 812px) 100vw, 812px\" \/>\t\t\t\t\t\t\t\t\t\t\t\t\t<\/div>\n\t\t\t\t<\/div>\n\t\t\t\t<div class=\"elementor-element elementor-element-ec83096 elementor-widget elementor-widget-spacer\" data-id=\"ec83096\" data-element_type=\"widget\" data-widget_type=\"spacer.default\">\n\t\t\t\t<div class=\"elementor-widget-container\">\n\t\t\t\t\t<div class=\"elementor-spacer\">\n\t\t\t<div class=\"elementor-spacer-inner\"><\/div>\n\t\t<\/div>\n\t\t\t\t<\/div>\n\t\t\t\t<\/div>\n\t\t\t\t<div class=\"elementor-element elementor-element-b3a75e0 elementor-widget elementor-widget-toggle\" data-id=\"b3a75e0\" data-element_type=\"widget\" data-widget_type=\"toggle.default\">\n\t\t\t\t<div class=\"elementor-widget-container\">\n\t\t\t\t\t<div class=\"elementor-toggle\">\n\t\t\t\t\t\t\t<div class=\"elementor-toggle-item\">\n\t\t\t\t\t<div id=\"elementor-tab-title-1881\" class=\"elementor-tab-title\" data-tab=\"1\" role=\"button\" aria-controls=\"elementor-tab-content-1881\" aria-expanded=\"false\">\n\t\t\t\t\t\t\t\t\t\t\t\t<span class=\"elementor-toggle-icon elementor-toggle-icon-left\" aria-hidden=\"true\">\n\t\t\t\t\t\t\t\t\t\t\t\t\t\t\t<span class=\"elementor-toggle-icon-closed\"><i class=\"fas fa-caret-right\"><\/i><\/span>\n\t\t\t\t\t\t\t\t<span class=\"elementor-toggle-icon-opened\"><i class=\"elementor-toggle-icon-opened fas fa-caret-up\"><\/i><\/span>\n\t\t\t\t\t\t\t\t\t\t\t\t\t<\/span>\n\t\t\t\t\t\t\t\t\t\t\t\t<a class=\"elementor-toggle-title\" tabindex=\"0\">Requisitos t\u00e9cnicos firma electr\u00f3nica<\/a>\n\t\t\t\t\t<\/div>\n\n\t\t\t\t\t<div id=\"elementor-tab-content-1881\" class=\"elementor-tab-content elementor-clearfix\" data-tab=\"1\" role=\"region\" aria-labelledby=\"elementor-tab-title-1881\"><p>Para poder realizar la presentaci\u00f3n de las facturas electr\u00f3nicas es necesario tener instalado:<\/p><ul><li><a href=\"http:\/\/www.java.com\">Java<\/a><\/li><li>Certificado digital<\/li><li><a href=\"https:\/\/firmaelectronica.gob.es\/\">Autofirma<\/a><\/li><\/ul><\/div>\n\t\t\t\t<\/div>\n\t\t\t\t\t\t\t<div class=\"elementor-toggle-item\">\n\t\t\t\t\t<div id=\"elementor-tab-title-1882\" class=\"elementor-tab-title\" data-tab=\"2\" role=\"button\" aria-controls=\"elementor-tab-content-1882\" aria-expanded=\"false\">\n\t\t\t\t\t\t\t\t\t\t\t\t<span class=\"elementor-toggle-icon elementor-toggle-icon-left\" aria-hidden=\"true\">\n\t\t\t\t\t\t\t\t\t\t\t\t\t\t\t<span class=\"elementor-toggle-icon-closed\"><i class=\"fas fa-caret-right\"><\/i><\/span>\n\t\t\t\t\t\t\t\t<span class=\"elementor-toggle-icon-opened\"><i class=\"elementor-toggle-icon-opened fas fa-caret-up\"><\/i><\/span>\n\t\t\t\t\t\t\t\t\t\t\t\t\t<\/span>\n\t\t\t\t\t\t\t\t\t\t\t\t<a class=\"elementor-toggle-title\" tabindex=\"0\">Informar los centros administrativos en caso de trabajar con la administraci\u00f3n<\/a>\n\t\t\t\t\t<\/div>\n\n\t\t\t\t\t<div id=\"elementor-tab-content-1882\" class=\"elementor-tab-content elementor-clearfix\" data-tab=\"2\" role=\"region\" aria-labelledby=\"elementor-tab-title-1882\"><ul><li>Ir a <strong>Opciones\/Mantenimientos\/Clientes<\/strong>.<\/li><li>Entrar en la ficha del cliente.<\/li><li>En el campo <strong>Factura electr\u00f3nica<\/strong> seleccionar \u00ab<strong>Con centros administrativos<\/strong>\u00ab.<\/li><li>Pulsar el bot\u00f3n de los <strong>&#8230; e informar los centros administrativos<\/strong> que le ha proporcionado su cliente.<\/li><\/ul><\/div>\n\t\t\t\t<\/div>\n\t\t\t\t\t\t\t<div class=\"elementor-toggle-item\">\n\t\t\t\t\t<div id=\"elementor-tab-title-1883\" class=\"elementor-tab-title\" data-tab=\"3\" role=\"button\" aria-controls=\"elementor-tab-content-1883\" aria-expanded=\"false\">\n\t\t\t\t\t\t\t\t\t\t\t\t<span class=\"elementor-toggle-icon elementor-toggle-icon-left\" aria-hidden=\"true\">\n\t\t\t\t\t\t\t\t\t\t\t\t\t\t\t<span class=\"elementor-toggle-icon-closed\"><i class=\"fas fa-caret-right\"><\/i><\/span>\n\t\t\t\t\t\t\t\t<span class=\"elementor-toggle-icon-opened\"><i class=\"elementor-toggle-icon-opened fas fa-caret-up\"><\/i><\/span>\n\t\t\t\t\t\t\t\t\t\t\t\t\t<\/span>\n\t\t\t\t\t\t\t\t\t\t\t\t<a class=\"elementor-toggle-title\" tabindex=\"0\">Conceptos de pago permitidos en factura electr\u00f3nica<\/a>\n\t\t\t\t\t<\/div>\n\n\t\t\t\t\t<div id=\"elementor-tab-content-1883\" class=\"elementor-tab-content elementor-clearfix\" data-tab=\"3\" role=\"region\" aria-labelledby=\"elementor-tab-title-1883\"><ul><li>1 Efectivo<\/li><li>2 Reposici\u00f3n<\/li><li>50 Letra pendiente de aceptar<\/li><li>51 Giro negociable<\/li><li>55 Transferencia<\/li><li>80 Letra aceptada<\/li><li>88 Anticipo<\/li><li>89 Abono<\/li><\/ul><\/div>\n\t\t\t\t<\/div>\n\t\t\t\t\t\t\t\t<\/div>\n\t\t\t\t<\/div>\n\t\t\t\t<\/div>\n\t\t\t\t<div class=\"elementor-element elementor-element-4e9c9a1 elementor-widget elementor-widget-spacer\" data-id=\"4e9c9a1\" data-element_type=\"widget\" data-widget_type=\"spacer.default\">\n\t\t\t\t<div class=\"elementor-widget-container\">\n\t\t\t\t\t<div class=\"elementor-spacer\">\n\t\t\t<div class=\"elementor-spacer-inner\"><\/div>\n\t\t<\/div>\n\t\t\t\t<\/div>\n\t\t\t\t<\/div>\n\t\t\t\t\t<\/div>\n\t\t<\/div>\n\t\t\t\t\t<\/div>\n\t\t<\/section>\n\t\t\t\t<section class=\"elementor-section elementor-top-section elementor-element elementor-element-69f34f3 elementor-section-stretched elementor-section-boxed elementor-section-height-default elementor-section-height-default\" data-id=\"69f34f3\" data-element_type=\"section\" data-settings=\"{&quot;stretch_section&quot;:&quot;section-stretched&quot;,&quot;background_background&quot;:&quot;classic&quot;}\">\n\t\t\t\t\t\t<div class=\"elementor-container elementor-column-gap-default\">\n\t\t\t\t\t<div class=\"elementor-column elementor-col-100 elementor-top-column elementor-element elementor-element-6db25b3\" data-id=\"6db25b3\" data-element_type=\"column\">\n\t\t\t<div class=\"elementor-widget-wrap elementor-element-populated\">\n\t\t\t\t\t\t<div class=\"elementor-element elementor-element-a1972d4 elementor-widget elementor-widget-spacer\" data-id=\"a1972d4\" data-element_type=\"widget\" data-widget_type=\"spacer.default\">\n\t\t\t\t<div class=\"elementor-widget-container\">\n\t\t\t\t\t<div class=\"elementor-spacer\">\n\t\t\t<div class=\"elementor-spacer-inner\"><\/div>\n\t\t<\/div>\n\t\t\t\t<\/div>\n\t\t\t\t<\/div>\n\t\t\t\t<div class=\"elementor-element elementor-element-9736aab elementor-widget elementor-widget-heading\" data-id=\"9736aab\" data-element_type=\"widget\" data-widget_type=\"heading.default\">\n\t\t\t\t<div class=\"elementor-widget-container\">\n\t\t\t<h3 class=\"elementor-heading-title elementor-size-default\">\u00bfNecesitas m\u00e1s ayuda?<\/h3>\t\t<\/div>\n\t\t\t\t<\/div>\n\t\t\t\t<div class=\"elementor-element elementor-element-0e8b2a7 elementor-widget elementor-widget-text-editor\" data-id=\"0e8b2a7\" data-element_type=\"widget\" data-widget_type=\"text-editor.default\">\n\t\t\t\t<div class=\"elementor-widget-container\">\n\t\t\t\t\t\t\t<p>Puedes contactar con uno de nuestros expertos llamando al <strong>937 904 147<\/strong> o enviando un email a <strong>mtr@mtr.es<\/strong>. Nuestro horario de soporte es de:<\/p>\n<p>Lunes a Jueves: Ma\u00f1anas de 09:00h a 13:00h y tardes de 15:30h a 18:00h.<br>Viernes: Ma\u00f1anas de 09:00h a 14:00h<\/p>\t\t\t\t\t\t<\/div>\n\t\t\t\t<\/div>\n\t\t\t\t\t<\/div>\n\t\t<\/div>\n\t\t\t\t\t<\/div>\n\t\t<\/section>\n\t\t\t\t<\/div>\n\t\t","protected":false},"excerpt":{"rendered":"<p>Emitir y recibir una factura electr\u00f3nica Seg\u00fan la nueva normativa de la reci\u00e9n Ley Crea y Crece, la factura electr\u00f3nica pasar\u00e1 a ser obligatoria a finales del 2025. MTRGest ya esta preparado para emitir facturas electr\u00f3nicas, actualmente necesario si facturas a la Administraci\u00f3n, e incluso recibir facturas electr\u00f3nicas de tus proveedores. Emitir una factura electr\u00f3nica: [&hellip;]<\/p>\n","protected":false},"author":1,"featured_media":0,"parent":0,"menu_order":0,"comment_status":"closed","ping_status":"closed","template":"","meta":{"zakra_sidebar_layout":"customizer","zakra_remove_content_margin":false,"zakra_sidebar":"customizer","zakra_transparent_header":"customizer","zakra_logo":0,"zakra_main_header_style":"default","zakra_menu_item_color":"","zakra_menu_item_hover_color":"","zakra_menu_item_active_color":"","zakra_menu_active_style":"zakra_menu_active_style","zakra_page_header":true,"footnotes":""},"class_list":["post-2051","page","type-page","status-publish","hentry"],"_links":{"self":[{"href":"https:\/\/www.mtr.es\/index.php\/wp-json\/wp\/v2\/pages\/2051","targetHints":{"allow":["GET"]}}],"collection":[{"href":"https:\/\/www.mtr.es\/index.php\/wp-json\/wp\/v2\/pages"}],"about":[{"href":"https:\/\/www.mtr.es\/index.php\/wp-json\/wp\/v2\/types\/page"}],"author":[{"embeddable":true,"href":"https:\/\/www.mtr.es\/index.php\/wp-json\/wp\/v2\/users\/1"}],"replies":[{"embeddable":true,"href":"https:\/\/www.mtr.es\/index.php\/wp-json\/wp\/v2\/comments?post=2051"}],"version-history":[{"count":38,"href":"https:\/\/www.mtr.es\/index.php\/wp-json\/wp\/v2\/pages\/2051\/revisions"}],"predecessor-version":[{"id":3450,"href":"https:\/\/www.mtr.es\/index.php\/wp-json\/wp\/v2\/pages\/2051\/revisions\/3450"}],"wp:attachment":[{"href":"https:\/\/www.mtr.es\/index.php\/wp-json\/wp\/v2\/media?parent=2051"}],"curies":[{"name":"wp","href":"https:\/\/api.w.org\/{rel}","templated":true}]}}