{"id":2727,"date":"2023-09-26T12:57:50","date_gmt":"2023-09-26T10:57:50","guid":{"rendered":"https:\/\/www.mtr.es\/?page_id=2727"},"modified":"2023-10-18T09:18:26","modified_gmt":"2023-10-18T07:18:26","slug":"soporte-entidades-crear-un-cliente","status":"publish","type":"page","link":"https:\/\/www.mtr.es\/index.php\/soporte-entidades-crear-un-cliente\/","title":{"rendered":"Soporte-Entidades-Crear un cliente"},"content":{"rendered":"\t\t<div data-elementor-type=\"wp-page\" data-elementor-id=\"2727\" class=\"elementor elementor-2727\">\n\t\t\t\t\t\t<section class=\"elementor-section elementor-top-section elementor-element elementor-element-d179248 elementor-section-stretched elementor-section-boxed elementor-section-height-default elementor-section-height-default\" data-id=\"d179248\" data-element_type=\"section\" data-settings=\"{&quot;background_background&quot;:&quot;classic&quot;,&quot;stretch_section&quot;:&quot;section-stretched&quot;}\">\n\t\t\t\t\t\t\t<div class=\"elementor-background-overlay\"><\/div>\n\t\t\t\t\t\t\t<div class=\"elementor-container elementor-column-gap-no\">\n\t\t\t\t\t<div class=\"elementor-column elementor-col-100 elementor-top-column elementor-element elementor-element-36726ea\" data-id=\"36726ea\" data-element_type=\"column\">\n\t\t\t<div class=\"elementor-widget-wrap elementor-element-populated\">\n\t\t\t\t\t\t<div class=\"elementor-element elementor-element-e1a95e0 elementor-widget elementor-widget-heading\" data-id=\"e1a95e0\" data-element_type=\"widget\" data-widget_type=\"heading.default\">\n\t\t\t\t<div class=\"elementor-widget-container\">\n\t\t\t<h5 class=\"elementor-heading-title elementor-size-default\">Crear y configurar un cliente<\/h5>\t\t<\/div>\n\t\t\t\t<\/div>\n\t\t\t\t<div class=\"elementor-element elementor-element-08f29db elementor-widget elementor-widget-spacer\" data-id=\"08f29db\" data-element_type=\"widget\" data-widget_type=\"spacer.default\">\n\t\t\t\t<div class=\"elementor-widget-container\">\n\t\t\t\t\t<div class=\"elementor-spacer\">\n\t\t\t<div class=\"elementor-spacer-inner\"><\/div>\n\t\t<\/div>\n\t\t\t\t<\/div>\n\t\t\t\t<\/div>\n\t\t\t\t\t<\/div>\n\t\t<\/div>\n\t\t\t\t\t<\/div>\n\t\t<\/section>\n\t\t\t\t<section class=\"elementor-section elementor-top-section elementor-element elementor-element-1a445f0 elementor-section-boxed elementor-section-height-default elementor-section-height-default\" data-id=\"1a445f0\" data-element_type=\"section\">\n\t\t\t\t\t\t<div class=\"elementor-container elementor-column-gap-default\">\n\t\t\t\t\t<div class=\"elementor-column elementor-col-100 elementor-top-column elementor-element elementor-element-0e09b50\" data-id=\"0e09b50\" data-element_type=\"column\">\n\t\t\t<div class=\"elementor-widget-wrap elementor-element-populated\">\n\t\t\t\t\t\t<div class=\"elementor-element elementor-element-a6c7bd6 elementor-widget elementor-widget-spacer\" data-id=\"a6c7bd6\" data-element_type=\"widget\" data-widget_type=\"spacer.default\">\n\t\t\t\t<div class=\"elementor-widget-container\">\n\t\t\t\t\t<div class=\"elementor-spacer\">\n\t\t\t<div class=\"elementor-spacer-inner\"><\/div>\n\t\t<\/div>\n\t\t\t\t<\/div>\n\t\t\t\t<\/div>\n\t\t\t\t<div class=\"elementor-element elementor-element-463293d elementor-widget elementor-widget-toggle\" data-id=\"463293d\" data-element_type=\"widget\" data-widget_type=\"toggle.default\">\n\t\t\t\t<div class=\"elementor-widget-container\">\n\t\t\t\t\t<div class=\"elementor-toggle\">\n\t\t\t\t\t\t\t<div class=\"elementor-toggle-item\">\n\t\t\t\t\t<div id=\"elementor-tab-title-7361\" class=\"elementor-tab-title\" data-tab=\"1\" role=\"button\" aria-controls=\"elementor-tab-content-7361\" aria-expanded=\"false\">\n\t\t\t\t\t\t\t\t\t\t\t\t<span class=\"elementor-toggle-icon elementor-toggle-icon-left\" aria-hidden=\"true\">\n\t\t\t\t\t\t\t\t\t\t\t\t\t\t\t<span class=\"elementor-toggle-icon-closed\"><i class=\"fas fa-caret-right\"><\/i><\/span>\n\t\t\t\t\t\t\t\t<span class=\"elementor-toggle-icon-opened\"><i class=\"elementor-toggle-icon-opened fas fa-caret-up\"><\/i><\/span>\n\t\t\t\t\t\t\t\t\t\t\t\t\t<\/span>\n\t\t\t\t\t\t\t\t\t\t\t\t<a class=\"elementor-toggle-title\" tabindex=\"0\">Crear un cliente<\/a>\n\t\t\t\t\t<\/div>\n\n\t\t\t\t\t<div id=\"elementor-tab-content-7361\" class=\"elementor-tab-content elementor-clearfix\" data-tab=\"1\" role=\"region\" aria-labelledby=\"elementor-tab-title-7361\"><ul><li>Accede a<strong>\u00a0Entidades\/Clientes.<\/strong><\/li><li>Pulsa el bot\u00f3n<strong> Nuevo cliente.<\/strong><\/li><li>Introduce los datos del cliente.<\/li><li><strong>Grabar<\/strong>.<\/li><\/ul><\/div>\n\t\t\t\t<\/div>\n\t\t\t\t\t\t\t<div class=\"elementor-toggle-item\">\n\t\t\t\t\t<div id=\"elementor-tab-title-7362\" class=\"elementor-tab-title\" data-tab=\"2\" role=\"button\" aria-controls=\"elementor-tab-content-7362\" aria-expanded=\"false\">\n\t\t\t\t\t\t\t\t\t\t\t\t<span class=\"elementor-toggle-icon elementor-toggle-icon-left\" aria-hidden=\"true\">\n\t\t\t\t\t\t\t\t\t\t\t\t\t\t\t<span class=\"elementor-toggle-icon-closed\"><i class=\"fas fa-caret-right\"><\/i><\/span>\n\t\t\t\t\t\t\t\t<span class=\"elementor-toggle-icon-opened\"><i class=\"elementor-toggle-icon-opened fas fa-caret-up\"><\/i><\/span>\n\t\t\t\t\t\t\t\t\t\t\t\t\t<\/span>\n\t\t\t\t\t\t\t\t\t\t\t\t<a class=\"elementor-toggle-title\" tabindex=\"0\">Configurar los datos del cliente<\/a>\n\t\t\t\t\t<\/div>\n\n\t\t\t\t\t<div id=\"elementor-tab-content-7362\" class=\"elementor-tab-content elementor-clearfix\" data-tab=\"2\" role=\"region\" aria-labelledby=\"elementor-tab-title-7362\"><p>Configura las preferencias del cliente para que se incluyan autom\u00e1ticamente al registrar documentos a su nombre.<\/p>\n<p><\/p>\n<p><strong>Complementar los datos generales<\/strong><\/p>\n<ul>\n<li>Modifica el <strong>Alias<\/strong>, si quieres utilizar un nombre comercial para identificar a tu cliente.<\/li>\n<li>Asigna una <strong>Cuenta de ingresos<\/strong>, para que se a\u00f1ada autom\u00e1ticamente al registrar los cobros al cliente.<\/li>\n<li>Clasifica tus clientes por <strong>Grupo, Zona o Posiciones estad\u00edsticas<\/strong>.<\/li>\n<li>A\u00f1ade un <strong>Aviso<\/strong> que se mostrar\u00e1 al crear nuevos documentos del cliente.<\/li>\n<li>En caso de que tu cliente trabaje para la administraci\u00f3n, selecciona \u00abCon centros administrativos\u00bb de la <strong>Factura electr\u00f3nica<\/strong> y acceder al bot\u00f3n de los &#8230; para a\u00f1adir los <strong>Centros administrativos<\/strong>.<\/li>\n<li><strong>Activo<\/strong>: puedes desmarcar esta opci\u00f3n si no deseas trabajar m\u00e1s con el cliente.<\/li>\n<\/ul>\n<p><strong>Establecer las preferencias de facturaci\u00f3n y pago<\/strong><\/p>\n<div>\n<ul>\n<li>Incluye los <b>impuestos<\/b> de venta para que aparezcan por defecto en el documento:&nbsp;<span style=\"color: var( --e-global-color-text ); font-family: var( --e-global-typography-text-font-family ), Sans-serif; font-weight: var( --e-global-typography-text-font-weight ); letter-spacing: 0.01em;\">% iva, irpf,&#8230;<\/span><\/li>\n<li><span style=\"color: var( --e-global-color-text ); font-family: var( --e-global-typography-text-font-family ), Sans-serif; font-weight: var( --e-global-typography-text-font-weight ); letter-spacing: 0.01em;\">Predetermina el <\/span><b style=\"color: var( --e-global-color-text ); font-family: var( --e-global-typography-text-font-family ), Sans-serif; letter-spacing: 0.01em;\">Tipo de pago<\/b><span style=\"color: var( --e-global-color-text ); font-family: var( --e-global-typography-text-font-family ), Sans-serif; font-weight: var( --e-global-typography-text-font-weight ); letter-spacing: 0.01em;\">&nbsp;y los <\/span><b style=\"color: var( --e-global-color-text ); font-family: var( --e-global-typography-text-font-family ), Sans-serif; letter-spacing: 0.01em;\">D\u00edas de pago<\/b><span style=\"color: var( --e-global-color-text ); font-family: var( --e-global-typography-text-font-family ), Sans-serif; font-weight: var( --e-global-typography-text-font-weight ); letter-spacing: 0.01em;\">, si tu cliente tiene <\/span><b style=\"color: var( --e-global-color-text ); font-family: var( --e-global-typography-text-font-family ), Sans-serif; letter-spacing: 0.01em;\">Vacaciones<\/b><span style=\"color: var( --e-global-color-text ); font-family: var( --e-global-typography-text-font-family ), Sans-serif; font-weight: var( --e-global-typography-text-font-weight ); letter-spacing: 0.01em;\">.<\/span><\/li>\n<li>En caso de pagar mediante giro negociable informa el <b>Iban<\/b> y <b>Bic<\/b> del cliente, y crea el <b>Mandato<\/b> (Orden de domiciliaci\u00f3n de adeudo directo SEPA).<\/li>\n<li>Marca <b>Riesgo<\/b> y rellena los datos, en caso de querer llevar un control del riesgo del cliente. Esta opci\u00f3n dar\u00e1 un aviso al registrar documentos en caso de que el riesgo del cliente se exceda.<\/li>\n<\/ul>\n<\/div>\n<p><strong>A\u00f1adir la informaci\u00f3n comercial<br><br><\/strong>Informa tus preferencias comerciales en caso de utilizar el m\u00f3dulo de facturaci\u00f3n.<\/p>\n<ul>\n<li>Define la Tarifa de venta, o si quiere aplicar un Descuento cliente y referencia o Descuento general al crear documentos del cliente.<\/li>\n<li>Informa un <b>Grupo de facturaci\u00f3n<\/b>&nbsp;que te permite facturar los albaranes pendientes por grupo de clientes.<\/li>\n<li>Marca <b>Agrupa albaranes<\/b>, si quieres que al facturar albaranes se facturen todos los de un cliente en una misma factura,<\/li>\n<li>Marca <b>Albar\u00e1n valorado<\/b>, si quieres que los albaranes de este cliente se impriman valorados.<\/li>\n<li><b>Enviar facturas por email<\/b>, <b>Email para factura<\/b>,&nbsp;<\/li>\n<li><b>Cifra factura<\/b>&nbsp;<b>en email<\/b>, <b>Password<\/b>.&nbsp;<\/li>\n<li><b>Idioma impreso<\/b>, <b>Impreso factura<\/b> de venta (4 standars)<b>&nbsp;<\/b><\/li>\n<li>Tambi\u00e9n tienes la opci\u00f3n de crear un documento de factura de venta personalizado y predeterminarlo para este cliente en <b>Ajustado factura.<\/b><\/li>\n<li>Selecciona la&nbsp;<span style=\"font-weight: bold; letter-spacing: 0.16px;\">Direcci\u00f3n de env\u00edo <\/span><span style=\"letter-spacing: 0.16px;\">del cliente<\/span>&nbsp;para el env\u00edo de material o facturas. Crea tantas como necesites desde el bot\u00f3n &#8230;<\/li>\n<li>Puedes definir un <b>Representante<\/b>, <b>Comisi\u00f3n<\/b> y <b>% comisi\u00f3n<\/b> por cada direcci\u00f3n de env\u00edo. Que se aplicar\u00e1 autom\u00e1ticamente al crear documentos al cliente.<\/li>\n<\/ul><\/div>\n\t\t\t\t<\/div>\n\t\t\t\t\t\t\t\t<\/div>\n\t\t\t\t<\/div>\n\t\t\t\t<\/div>\n\t\t\t\t\t<\/div>\n\t\t<\/div>\n\t\t\t\t\t<\/div>\n\t\t<\/section>\n\t\t\t\t<section class=\"elementor-section elementor-top-section elementor-element elementor-element-52a9f65 elementor-section-stretched elementor-section-boxed elementor-section-height-default elementor-section-height-default\" data-id=\"52a9f65\" data-element_type=\"section\" data-settings=\"{&quot;stretch_section&quot;:&quot;section-stretched&quot;,&quot;background_background&quot;:&quot;classic&quot;}\">\n\t\t\t\t\t\t<div class=\"elementor-container elementor-column-gap-default\">\n\t\t\t\t\t<div class=\"elementor-column elementor-col-100 elementor-top-column elementor-element elementor-element-055f2aa\" data-id=\"055f2aa\" data-element_type=\"column\">\n\t\t\t<div class=\"elementor-widget-wrap elementor-element-populated\">\n\t\t\t\t\t\t<div class=\"elementor-element elementor-element-86f835a elementor-widget elementor-widget-spacer\" data-id=\"86f835a\" data-element_type=\"widget\" data-widget_type=\"spacer.default\">\n\t\t\t\t<div class=\"elementor-widget-container\">\n\t\t\t\t\t<div class=\"elementor-spacer\">\n\t\t\t<div class=\"elementor-spacer-inner\"><\/div>\n\t\t<\/div>\n\t\t\t\t<\/div>\n\t\t\t\t<\/div>\n\t\t\t\t<div class=\"elementor-element elementor-element-111d7d2 elementor-widget elementor-widget-heading\" data-id=\"111d7d2\" data-element_type=\"widget\" data-widget_type=\"heading.default\">\n\t\t\t\t<div class=\"elementor-widget-container\">\n\t\t\t<h3 class=\"elementor-heading-title elementor-size-default\">\u00bfNecesitas m\u00e1s ayuda?<\/h3>\t\t<\/div>\n\t\t\t\t<\/div>\n\t\t\t\t<div class=\"elementor-element elementor-element-72bd11c elementor-widget elementor-widget-text-editor\" data-id=\"72bd11c\" data-element_type=\"widget\" data-widget_type=\"text-editor.default\">\n\t\t\t\t<div class=\"elementor-widget-container\">\n\t\t\t\t\t\t\t<p>Puedes contactar con uno de nuestros expertos llamando al <strong>937 904 147<\/strong> o enviando un email a <strong>mtr@mtr.es<\/strong>. Nuestro horario de soporte es de:<\/p>\n<p>Lunes a Jueves: Ma\u00f1anas de 09:00h a 13:00h y tardes de 15:30h a 18:00h.<br>Viernes: Ma\u00f1anas de 09:00h a 14:00h<\/p>\t\t\t\t\t\t<\/div>\n\t\t\t\t<\/div>\n\t\t\t\t\t<\/div>\n\t\t<\/div>\n\t\t\t\t\t<\/div>\n\t\t<\/section>\n\t\t\t\t<\/div>\n\t\t","protected":false},"excerpt":{"rendered":"<p>Crear y configurar un cliente Crear un cliente Accede a\u00a0Entidades\/Clientes. Pulsa el bot\u00f3n Nuevo cliente. Introduce los datos del cliente. Grabar. Configurar los datos del cliente Configura las preferencias del cliente para que se incluyan autom\u00e1ticamente al registrar documentos a su nombre. Complementar los datos generales Modifica el Alias, si quieres utilizar un nombre comercial [&hellip;]<\/p>\n","protected":false},"author":1,"featured_media":0,"parent":0,"menu_order":0,"comment_status":"closed","ping_status":"closed","template":"","meta":{"zakra_sidebar_layout":"customizer","zakra_remove_content_margin":false,"zakra_sidebar":"customizer","zakra_transparent_header":"customizer","zakra_logo":0,"zakra_main_header_style":"default","zakra_menu_item_color":"","zakra_menu_item_hover_color":"","zakra_menu_item_active_color":"","zakra_menu_active_style":"zakra_menu_active_style","zakra_page_header":true,"footnotes":""},"class_list":["post-2727","page","type-page","status-publish","hentry"],"_links":{"self":[{"href":"https:\/\/www.mtr.es\/index.php\/wp-json\/wp\/v2\/pages\/2727","targetHints":{"allow":["GET"]}}],"collection":[{"href":"https:\/\/www.mtr.es\/index.php\/wp-json\/wp\/v2\/pages"}],"about":[{"href":"https:\/\/www.mtr.es\/index.php\/wp-json\/wp\/v2\/types\/page"}],"author":[{"embeddable":true,"href":"https:\/\/www.mtr.es\/index.php\/wp-json\/wp\/v2\/users\/1"}],"replies":[{"embeddable":true,"href":"https:\/\/www.mtr.es\/index.php\/wp-json\/wp\/v2\/comments?post=2727"}],"version-history":[{"count":20,"href":"https:\/\/www.mtr.es\/index.php\/wp-json\/wp\/v2\/pages\/2727\/revisions"}],"predecessor-version":[{"id":2789,"href":"https:\/\/www.mtr.es\/index.php\/wp-json\/wp\/v2\/pages\/2727\/revisions\/2789"}],"wp:attachment":[{"href":"https:\/\/www.mtr.es\/index.php\/wp-json\/wp\/v2\/media?parent=2727"}],"curies":[{"name":"wp","href":"https:\/\/api.w.org\/{rel}","templated":true}]}}