{"id":3655,"date":"2025-07-29T10:44:02","date_gmt":"2025-07-29T08:44:02","guid":{"rendered":"https:\/\/www.mtr.es\/?page_id=3655"},"modified":"2025-12-30T11:19:43","modified_gmt":"2025-12-30T10:19:43","slug":"verifactu","status":"publish","type":"page","link":"https:\/\/www.mtr.es\/index.php\/verifactu\/","title":{"rendered":"VERIFACTU"},"content":{"rendered":"\t\t<div data-elementor-type=\"wp-page\" data-elementor-id=\"3655\" class=\"elementor elementor-3655\">\n\t\t\t\t\t\t<section class=\"elementor-section elementor-top-section elementor-element elementor-element-9cf8ef2 elementor-section-boxed elementor-section-height-default elementor-section-height-default\" data-id=\"9cf8ef2\" data-element_type=\"section\" data-e-type=\"section\">\n\t\t\t\t\t\t<div class=\"elementor-container elementor-column-gap-default\">\n\t\t\t\t\t<div class=\"elementor-column elementor-col-100 elementor-top-column elementor-element elementor-element-dc62c0e\" data-id=\"dc62c0e\" data-element_type=\"column\" data-e-type=\"column\">\n\t\t\t<div class=\"elementor-widget-wrap elementor-element-populated\">\n\t\t\t\t\t\t<div class=\"elementor-element elementor-element-de0aab5 elementor-widget elementor-widget-heading\" data-id=\"de0aab5\" data-element_type=\"widget\" data-e-type=\"widget\" data-widget_type=\"heading.default\">\n\t\t\t\t<div class=\"elementor-widget-container\">\n\t\t\t\t\t<h2 class=\"elementor-heading-title elementor-size-default\">VERIFACTU<\/h2>\t\t\t\t<\/div>\n\t\t\t\t<\/div>\n\t\t\t\t\t<\/div>\n\t\t<\/div>\n\t\t\t\t\t<\/div>\n\t\t<\/section>\n\t\t\t\t<section class=\"elementor-section elementor-top-section elementor-element elementor-element-2ba446e elementor-section-boxed elementor-section-height-default elementor-section-height-default\" data-id=\"2ba446e\" data-element_type=\"section\" data-e-type=\"section\">\n\t\t\t\t\t\t<div class=\"elementor-container elementor-column-gap-default\">\n\t\t\t\t\t<div class=\"elementor-column elementor-col-100 elementor-top-column elementor-element elementor-element-81603ff\" data-id=\"81603ff\" data-element_type=\"column\" data-e-type=\"column\">\n\t\t\t<div class=\"elementor-widget-wrap elementor-element-populated\">\n\t\t\t\t\t\t<div class=\"elementor-element elementor-element-6754257 elementor-widget elementor-widget-text-editor\" data-id=\"6754257\" data-element_type=\"widget\" data-e-type=\"widget\" data-widget_type=\"text-editor.default\">\n\t\t\t\t<div class=\"elementor-widget-container\">\n\t\t\t\t\t\t\t\t\t<p><strong><em>NOTA INFORMATIVA de la Agencia Tributaria del 2 de diciembre de 2025:<\/em><\/strong><\/p><p><strong><em>Ampliaci\u00f3n del plazo de adaptaci\u00f3n de los sistemas inform\u00e1ticos de facturaci\u00f3n (SIF)<\/em><\/strong><\/p><p><em>Te informamos sobre los nuevos plazos de adaptaci\u00f3n a los SIF<\/em><\/p><p><em>De acuerdo con la modificaci\u00f3n introducida por el Real Decreto-ley 15\/2025, de 2 de diciembre, se ampl\u00eda el plazo que tienen los obligados tributarios para adaptar sus sistemas inform\u00e1ticos de facturaci\u00f3n (SIF) a los requisitos del Reglamento de sistemas inform\u00e1ticos de facturaci\u00f3n (RRSIF).<\/em><\/p><p><em>En base a los nuevos plazos aprobados, las entidades que presenten el Impuesto sobre Sociedades deber\u00e1n tener adaptados sus SIF antes del <strong><u>1 de enero de 2027<\/u><\/strong>. El resto de obligados tributarios, antes del <strong><u>1 de julio de 2027<\/u><\/strong>.<\/em><\/p><p><em>El periodo previo a las respectivas fechas es un periodo de pruebas, durante el cual se podr\u00e1 dejar de remitir registros de prueba con un SIF modalidad VERI*FACTU y utilizar para facturar otros SIF, hasta la fecha l\u00edmite para tener adaptados los sistemas a los requisitos establecidos en el Reglamento para Sistemas Inform\u00e1ticos de Facturaci\u00f3n.<\/em><\/p>\t\t\t\t\t\t\t\t<\/div>\n\t\t\t\t<\/div>\n\t\t\t\t<div class=\"elementor-element elementor-element-3ac89ea elementor-widget elementor-widget-spacer\" data-id=\"3ac89ea\" data-element_type=\"widget\" data-e-type=\"widget\" data-widget_type=\"spacer.default\">\n\t\t\t\t<div class=\"elementor-widget-container\">\n\t\t\t\t\t\t\t<div class=\"elementor-spacer\">\n\t\t\t<div class=\"elementor-spacer-inner\"><\/div>\n\t\t<\/div>\n\t\t\t\t\t\t<\/div>\n\t\t\t\t<\/div>\n\t\t\t\t\t<\/div>\n\t\t<\/div>\n\t\t\t\t\t<\/div>\n\t\t<\/section>\n\t\t\t\t<section class=\"elementor-section elementor-top-section elementor-element elementor-element-f166377 elementor-section-boxed elementor-section-height-default elementor-section-height-default\" data-id=\"f166377\" data-element_type=\"section\" data-e-type=\"section\">\n\t\t\t\t\t\t<div class=\"elementor-container elementor-column-gap-default\">\n\t\t\t\t\t<div class=\"elementor-column elementor-col-100 elementor-top-column elementor-element elementor-element-274ce03\" data-id=\"274ce03\" data-element_type=\"column\" data-e-type=\"column\">\n\t\t\t<div class=\"elementor-widget-wrap elementor-element-populated\">\n\t\t\t\t\t\t<div class=\"elementor-element elementor-element-6f10abe elementor-widget elementor-widget-text-editor\" data-id=\"6f10abe\" data-element_type=\"widget\" data-e-type=\"widget\" data-widget_type=\"text-editor.default\">\n\t\t\t\t<div class=\"elementor-widget-container\">\n\t\t\t\t\t\t\t\t\t<p><strong><em>09\/12\/2025. VERI*FACTU no ser\u00e1 obligatorio antes del 01\/01\/2027<\/em><\/strong><\/p><p><em>De nuevo se han retrasado las fechas para la obligatoriedad de aplicar los requisitos\u00a0 de los SISTEMAS INFORM\u00c1TICOS DE FACTURACI\u00d3N (SIF) detallados en el R.D. 1007\/2023 de 5 de diciembre.<\/em><\/p><p><em>A continuaci\u00f3n se reproduce la respuesta de la Agencia Tributaria a Tesinfor a un correo electr\u00f3nico en el que se solicitaba m\u00e1s informaci\u00f3n al respecto. Queda bien claro: <strong>ninguna empresa tiene obligaci\u00f3n de utilizar un SIF adaptado al nuevo reglamento (en modalidad VERI*FACTU o no) antes del 01\/01\/2027.<\/strong><\/em><\/p><p><em>\u201cLa Disposici\u00f3n final cuarta del RRSIF (Reglamento que establece los requisitos de los sistemas inform\u00e1ticos de facturaci\u00f3n), modificada por el Real Decreto-ley 15\/2025, de 2 de diciembre, establece que entrar\u00e1 en vigor de forma obligatoria el 1 de enero de 2027 para contribuyentes del Impuesto sobre Sociedades y el 1 de julio de 2027 para el resto de obligados tributarios mencionados en el art\u00edculo 3.1 del RRSIF, entre ellos, los contribuyentes del Impuesto sobre la Renta de las Personas F\u00edsicas que desarrollen actividades econ\u00f3micas. <strong>El periodo anterior a la entrada en vigor del RRSIF es un periodo de pruebas.<\/strong> <br \/><strong>\u00a0<\/strong> <br \/>Se podr\u00e1 dejar de expedir facturas y remitir registros en prueba con un SIF modalidad VERI*FACTU y utilizar para facturar otros SIF (sistema inform\u00e1tico de facturaci\u00f3n), que podr\u00edan ser adaptados y funcionar en modo NO VERI*FACTU (si as\u00ed lo permiten) o incluso sistemas antiguos no adaptados, mientras no tengan obligaci\u00f3n: hasta el 31\/12\/2026 o 30\/06\/2027, seg\u00fan aplique. <br \/>\u00a0 <br \/>Una vez se tenga obligaci\u00f3n de adaptaci\u00f3n al RRSIF, es decir, a partir del 1\/1\/2027 o 1\/7\/2027, seg\u00fan aplique, si los obligados optan por comenzar a expedir facturas y remitir registros de facturaci\u00f3n (RF) con un SIF VERI*FACTU, debe permanecer, al menos, hasta la finalizaci\u00f3n del a\u00f1o natural en el que se haya producido, de forma efectiva, el primer env\u00edo de los registros de facturaci\u00f3n.\u201d<\/em><\/p>\t\t\t\t\t\t\t\t<\/div>\n\t\t\t\t<\/div>\n\t\t\t\t\t<\/div>\n\t\t<\/div>\n\t\t\t\t\t<\/div>\n\t\t<\/section>\n\t\t\t\t<section class=\"elementor-section elementor-top-section elementor-element elementor-element-0ff630b elementor-section-boxed elementor-section-height-default elementor-section-height-default\" data-id=\"0ff630b\" data-element_type=\"section\" data-e-type=\"section\">\n\t\t\t\t\t\t<div class=\"elementor-container elementor-column-gap-default\">\n\t\t\t\t\t<div class=\"elementor-column elementor-col-100 elementor-top-column elementor-element elementor-element-c48d922\" data-id=\"c48d922\" data-element_type=\"column\" data-e-type=\"column\">\n\t\t\t<div class=\"elementor-widget-wrap elementor-element-populated\">\n\t\t\t\t\t\t<div class=\"elementor-element elementor-element-d35ca86 elementor-widget elementor-widget-text-editor\" data-id=\"d35ca86\" data-element_type=\"widget\" data-e-type=\"widget\" data-widget_type=\"text-editor.default\">\n\t\t\t\t<div class=\"elementor-widget-container\">\n\t\t\t\t\t\t\t\t\t<p><strong>REGLAMENTO SIF\/VERIFACTU<\/strong><\/p><p>A partir de 01\/01\/2027, todos los Sistemas Inform\u00e1ticos de Facturaci\u00f3n (SIF)<\/p><p>Deber\u00e1n cumplir de forma estricta con los requisitos establecidos por el reglamento establecido por el Real Decreto 1007\/2023 de 5 de diciembre.<\/p><p>Dicho reglamento contempla la posibilidad de adherirse <u>voluntariamente<\/u> a la modalidad VERIFACTU, que consiste en el env\u00edo inmediato por medios electr\u00f3nicos, de todos los registros de facturaci\u00f3n en el mismo momento que se generen<\/p>\t\t\t\t\t\t\t\t<\/div>\n\t\t\t\t<\/div>\n\t\t\t\t\t<\/div>\n\t\t<\/div>\n\t\t\t\t\t<\/div>\n\t\t<\/section>\n\t\t\t\t<section class=\"elementor-section elementor-top-section elementor-element elementor-element-7e559ec elementor-section-boxed elementor-section-height-default elementor-section-height-default\" data-id=\"7e559ec\" data-element_type=\"section\" data-e-type=\"section\">\n\t\t\t\t\t\t<div class=\"elementor-container elementor-column-gap-default\">\n\t\t\t\t\t<div class=\"elementor-column elementor-col-100 elementor-top-column elementor-element elementor-element-ebeb74e\" data-id=\"ebeb74e\" data-element_type=\"column\" data-e-type=\"column\">\n\t\t\t<div class=\"elementor-widget-wrap elementor-element-populated\">\n\t\t\t\t\t\t<div class=\"elementor-element elementor-element-6201493 elementor-widget elementor-widget-text-editor\" data-id=\"6201493\" data-element_type=\"widget\" data-e-type=\"widget\" data-widget_type=\"text-editor.default\">\n\t\t\t\t<div class=\"elementor-widget-container\">\n\t\t\t\t\t\t\t\t\t<p><strong>\u00bfA QUI\u00c9N OBLIGA?<\/strong><\/p><ol><li>A las entidades obligadas al Impuesto de Sociedades<\/li><li>A las personas f\u00edsicas que desarrollen actividades econ\u00f3micas<\/li><li>A las entidades en r\u00e9gimen de atribuci\u00f3n de rentas que desarrollen actividades econ\u00f3micas.<\/li><\/ol><p><strong>\u00bfA QUI\u00c9N NO SE APLICAR\u00c1?<\/strong><\/p><p>El presente Reglamento no se aplicar\u00e1 a los empresarios y profesionales inscritos en el sistema SII (Suministro Inmediato de la Informaci\u00f3n)<\/p><p><strong>ENTRADA EN VIGOR<\/strong><\/p><p>Los desarrolladores y comercializadores de software de facturaci\u00f3n, deber\u00e1n ofrecer sus productos adaptados totalmente al reglamento a partir del 29 de julio de 2025.<\/p><p>Las entidades sometidas al Impuesto de Sociedades deber\u00e1n tener sus sistemas de facturaci\u00f3n adaptados antes del 1 de enero de 2027.<\/p><p>El resto de empresas y profesionales, antes del 1 de julio de 2027<\/p><p>\u00a0<\/p>\t\t\t\t\t\t\t\t<\/div>\n\t\t\t\t<\/div>\n\t\t\t\t\t<\/div>\n\t\t<\/div>\n\t\t\t\t\t<\/div>\n\t\t<\/section>\n\t\t\t\t<section class=\"elementor-section elementor-top-section elementor-element elementor-element-7e9df7c elementor-section-boxed elementor-section-height-default elementor-section-height-default\" data-id=\"7e9df7c\" data-element_type=\"section\" data-e-type=\"section\">\n\t\t\t\t\t\t<div class=\"elementor-container elementor-column-gap-default\">\n\t\t\t\t\t<div class=\"elementor-column elementor-col-100 elementor-top-column elementor-element elementor-element-4ea576a\" data-id=\"4ea576a\" data-element_type=\"column\" data-e-type=\"column\">\n\t\t\t<div class=\"elementor-widget-wrap elementor-element-populated\">\n\t\t\t\t\t\t<div class=\"elementor-element elementor-element-bbc72fd elementor-widget elementor-widget-text-editor\" data-id=\"bbc72fd\" data-element_type=\"widget\" data-e-type=\"widget\" data-widget_type=\"text-editor.default\">\n\t\t\t\t<div class=\"elementor-widget-container\">\n\t\t\t\t\t\t\t\t\t<p><strong>\u00bfQU\u00c9 EXIGE EL REGLAMENTO?<\/strong><\/p><p>Los Sistemas Inform\u00e1ticos de Facturaci\u00f3n (SIF) deben cumplir estrictamente con los siguientes puntos:<\/p><ul><li>Garant\u00eda de la\u00a0<strong>conservaci\u00f3n, integridad, accesibilidad, trazabilidad, legibilidad e inalterabilidad<\/strong>de los registros de facturaci\u00f3n, con especial distinci\u00f3n del concepto INALTERABILIDAD.<\/li><li>Generaci\u00f3n <u>inmediata<\/u> de un\u00a0REGISTRO DE FACTURACI\u00d3N DE ALTA\u00a0por cada factura emitida que facilite la trazabilidad.<\/li><li>Posibilidad de generar un\u00a0REGISTRO DE FACTURACI\u00d3N DE ANULACI\u00d3N\u00a0en casos de facturas emitidas por error.<\/li><li>A\u00f1adir una HUELLA o \u201cHASH\u201d a cada registro de facturaci\u00f3n.<\/li><li>FIRMA ELECTR\u00d3NICA de cada registro de facturaci\u00f3n.<\/li><li>Las facturas emitidas deber\u00e1n incluir un C\u00d3DIGO QR con datos identificativos<\/li><li>la Agencia Tributaria podr\u00e1 personarse en el lugar donde se encuentre o se utilice el sistema inform\u00e1tico, y exigir el acceso inmediato a los registros de facturaci\u00f3n.<\/li><li>La Agencia Tributaria podr\u00e1 REQUERIR y obtener copia de los registros de facturaci\u00f3n que deber\u00e1n ser suministrados mediante env\u00edo autom\u00e1tico y seguro por medios electr\u00f3nicos a su sede electr\u00f3nica<\/li><li>entidad productora del sistema inform\u00e1tico CERTIFICAR\u00c1, mediante una declaraci\u00f3n responsable, que el sistema inform\u00e1tico cumple con lo dispuesto en este Reglamento y en las especificaciones que, en su desarrollo, se aprueben mediante orden ministerial. La declaraci\u00f3n responsable deber\u00e1 constar por escrito y de modo visible en el propio sistema inform\u00e1tico en cada una de sus versiones, as\u00ed como para el cliente y el comercializador en el momento de la adquisici\u00f3n del producto.<\/li><\/ul>\t\t\t\t\t\t\t\t<\/div>\n\t\t\t\t<\/div>\n\t\t\t\t\t<\/div>\n\t\t<\/div>\n\t\t\t\t\t<\/div>\n\t\t<\/section>\n\t\t\t\t<section class=\"elementor-section elementor-top-section elementor-element elementor-element-b5e2298 elementor-section-boxed elementor-section-height-default elementor-section-height-default\" data-id=\"b5e2298\" data-element_type=\"section\" data-e-type=\"section\">\n\t\t\t\t\t\t<div class=\"elementor-container elementor-column-gap-default\">\n\t\t\t\t\t<div class=\"elementor-column elementor-col-100 elementor-top-column elementor-element elementor-element-f1f5663\" data-id=\"f1f5663\" data-element_type=\"column\" data-e-type=\"column\">\n\t\t\t<div class=\"elementor-widget-wrap elementor-element-populated\">\n\t\t\t\t\t\t<div class=\"elementor-element elementor-element-ae751d4 elementor-widget elementor-widget-text-editor\" data-id=\"ae751d4\" data-element_type=\"widget\" data-e-type=\"widget\" data-widget_type=\"text-editor.default\">\n\t\t\t\t<div class=\"elementor-widget-container\">\n\t\t\t\t\t\t\t\t\t<p><strong>VERIFACTU<\/strong><\/p><p>Todos los sistemas inform\u00e1ticos de facturaci\u00f3n, deber\u00e1n disponer de una funcionalidad por la que Los obligados tributarios podr\u00e1n remitir <u>VOLUNTARIAMENTE<\/u> a la Agencia Tributaria de forma autom\u00e1tica, por medios electr\u00f3nicos, \u00a0todos los registros de facturaci\u00f3n generados por los sistemas inform\u00e1ticos de facturaci\u00f3n, en el mismo momento en que se generen. Es decir, factura a factura de forma inmediata<\/p><p>Los sistemas cuyo usuario active dicha modalidad tendr\u00e1n la consideraci\u00f3n de \u00abSISTEMAS DE EMISI\u00d3N DE FACTURAS VERIFICABLES\u00bb o \u00abSistemas <strong>VERI*FACTU<\/strong>\u00bb.<\/p><p>La Agencia Tributaria \u00a0entender\u00e1 que un obligado tributario opta por un \u00abSistema de emisi\u00f3n de facturas verificables\u00bb por el hecho de iniciar sistem\u00e1ticamente la remisi\u00f3n de registros de facturaci\u00f3n a la sede electr\u00f3nica.<\/p><p>La opci\u00f3n en el uso VERI*FACTU, una vez iniciada, ser\u00e1 obligatoria, como m\u00ednimo, hasta la finalizaci\u00f3n del a\u00f1o natural natural en el que se haya realizado el primer env\u00edo de los registros de facturaci\u00f3n.<\/p>\t\t\t\t\t\t\t\t<\/div>\n\t\t\t\t<\/div>\n\t\t\t\t\t<\/div>\n\t\t<\/div>\n\t\t\t\t\t<\/div>\n\t\t<\/section>\n\t\t\t\t<section class=\"elementor-section elementor-top-section elementor-element elementor-element-d5ce1c3 elementor-section-boxed elementor-section-height-default elementor-section-height-default\" data-id=\"d5ce1c3\" data-element_type=\"section\" data-e-type=\"section\">\n\t\t\t\t\t\t<div class=\"elementor-container elementor-column-gap-default\">\n\t\t\t\t\t<div class=\"elementor-column elementor-col-100 elementor-top-column elementor-element elementor-element-eaa6307\" data-id=\"eaa6307\" data-element_type=\"column\" data-e-type=\"column\">\n\t\t\t<div class=\"elementor-widget-wrap elementor-element-populated\">\n\t\t\t\t\t\t<div class=\"elementor-element elementor-element-2486bdd elementor-widget elementor-widget-menu-anchor\" data-id=\"2486bdd\" data-element_type=\"widget\" data-e-type=\"widget\" data-widget_type=\"menu-anchor.default\">\n\t\t\t\t<div class=\"elementor-widget-container\">\n\t\t\t\t\t\t\t<div class=\"elementor-menu-anchor\" id=\"Colaboradorsocial\"><\/div>\n\t\t\t\t\t\t<\/div>\n\t\t\t\t<\/div>\n\t\t\t\t<div class=\"elementor-element elementor-element-a321eaf elementor-widget elementor-widget-text-editor\" data-id=\"a321eaf\" data-element_type=\"widget\" data-e-type=\"widget\" data-widget_type=\"text-editor.default\">\n\t\t\t\t<div class=\"elementor-widget-container\">\n\t\t\t\t\t\t\t\t\t<p><strong>TESINFOR, S.L. COLABORADOR SOCIAL DE LA AGENCIA TRIBUTARIA<\/strong><span data-ccp-props=\"{&quot;201341983&quot;:0,&quot;335559739&quot;:0,&quot;335559740&quot;:240}\">\u00a0<\/span><\/p><p><span data-contrast=\"auto\">Dado que de acuerdo con el Reglamento los registros de facturaci\u00f3n deben firmarse digitalmente, la Agencia Tributaria ofrece la posibilidad a los productores de sistemas de facturaci\u00f3n de firmarlos en calidad de representantes de sus clientes.<\/span><span data-ccp-props=\"{&quot;201341983&quot;:0,&quot;335559739&quot;:0,&quot;335559740&quot;:240}\">\u00a0<\/span><\/p><p><span data-ccp-props=\"{&quot;201341983&quot;:0,&quot;335559739&quot;:0,&quot;335559740&quot;:240}\">\u00a0<\/span><\/p><p><span data-contrast=\"auto\">Para ello pone a disposici\u00f3n de los desarrolladores de software de facturaci\u00f3n la figura de \u201ccolaborador social\u201d de la Agencia Tributaria, de manera que previa firma del correspondiente contrato entre ambas partes, habilita a los primero para enviar registros de facturaci\u00f3n a la Agencia en representaci\u00f3n de sus clientes.<\/span><span data-ccp-props=\"{&quot;201341983&quot;:0,&quot;335559739&quot;:0,&quot;335559740&quot;:240}\">\u00a0<\/span><\/p><p><span data-ccp-props=\"{&quot;201341983&quot;:0,&quot;335559739&quot;:0,&quot;335559740&quot;:240}\">\u00a0<\/span><\/p><p><span data-contrast=\"auto\">Accediendo a trav\u00e9s del siguiente link encontraremos relaci\u00f3n de las empresas de software de Catalunya que han firmado el mencionado contrato, entre ellas Tesinfor, S.L.:<\/span><span data-ccp-props=\"{&quot;201341983&quot;:0,&quot;335559739&quot;:0,&quot;335559740&quot;:240}\">\u00a0<\/span><\/p><p><a href=\"https:\/\/sede.agenciatributaria.gob.es\/Sede\/colaborar-agencia-tributaria\/colaboracion-social-presentacion-declaraciones\/relacion-entidades-acuerdo\/tipo-17-empresas-sistemas-informaticos-facturacion\/cataluna.html\"><span data-contrast=\"none\">https:\/\/sede.agenciatributaria.gob.es\/Sede\/colaborar-agencia-tributaria\/colaboracion-social-presentacion-declaraciones\/relacion-entidades-acuerdo\/tipo-17-empresas-sistemas-informaticos-facturacion\/cataluna.html<\/span><\/a><span data-ccp-props=\"{&quot;201341983&quot;:0,&quot;335559739&quot;:0,&quot;335559740&quot;:240}\">\u00a0<\/span><\/p><p>\u00a0<\/p>\t\t\t\t\t\t\t\t<\/div>\n\t\t\t\t<\/div>\n\t\t\t\t\t<\/div>\n\t\t<\/div>\n\t\t\t\t\t<\/div>\n\t\t<\/section>\n\t\t\t\t<section class=\"elementor-section elementor-top-section elementor-element elementor-element-535be68 elementor-section-boxed elementor-section-height-default elementor-section-height-default\" data-id=\"535be68\" data-element_type=\"section\" data-e-type=\"section\">\n\t\t\t\t\t\t<div class=\"elementor-container elementor-column-gap-default\">\n\t\t\t\t\t<div class=\"elementor-column elementor-col-100 elementor-top-column elementor-element elementor-element-58fd0a3\" data-id=\"58fd0a3\" data-element_type=\"column\" data-e-type=\"column\">\n\t\t\t<div class=\"elementor-widget-wrap\">\n\t\t\t\t\t\t\t<\/div>\n\t\t<\/div>\n\t\t\t\t\t<\/div>\n\t\t<\/section>\n\t\t\t\t<\/div>\n\t\t","protected":false},"excerpt":{"rendered":"<p>VERIFACTU NOTA INFORMATIVA de la Agencia Tributaria del 2 de diciembre de 2025: Ampliaci\u00f3n del plazo de adaptaci\u00f3n de los sistemas inform\u00e1ticos de facturaci\u00f3n (SIF) Te informamos sobre los nuevos plazos de adaptaci\u00f3n a los SIF De acuerdo con la modificaci\u00f3n introducida por el Real Decreto-ley 15\/2025, de 2 de diciembre, se ampl\u00eda el plazo [&hellip;]<\/p>\n","protected":false},"author":1,"featured_media":0,"parent":0,"menu_order":0,"comment_status":"closed","ping_status":"closed","template":"","meta":{"zakra_page_container_layout":"customizer","zakra_page_sidebar_layout":"customizer","zakra_remove_content_margin":false,"zakra_sidebar":"customizer","zakra_transparent_header":"customizer","zakra_logo":0,"zakra_main_header_style":"default","zakra_menu_item_color":"","zakra_menu_item_hover_color":"","zakra_menu_item_active_color":"","zakra_menu_active_style":"","zakra_page_header":true,"footnotes":""},"class_list":["post-3655","page","type-page","status-publish","hentry"],"_links":{"self":[{"href":"https:\/\/www.mtr.es\/index.php\/wp-json\/wp\/v2\/pages\/3655","targetHints":{"allow":["GET"]}}],"collection":[{"href":"https:\/\/www.mtr.es\/index.php\/wp-json\/wp\/v2\/pages"}],"about":[{"href":"https:\/\/www.mtr.es\/index.php\/wp-json\/wp\/v2\/types\/page"}],"author":[{"embeddable":true,"href":"https:\/\/www.mtr.es\/index.php\/wp-json\/wp\/v2\/users\/1"}],"replies":[{"embeddable":true,"href":"https:\/\/www.mtr.es\/index.php\/wp-json\/wp\/v2\/comments?post=3655"}],"version-history":[{"count":19,"href":"https:\/\/www.mtr.es\/index.php\/wp-json\/wp\/v2\/pages\/3655\/revisions"}],"predecessor-version":[{"id":3743,"href":"https:\/\/www.mtr.es\/index.php\/wp-json\/wp\/v2\/pages\/3655\/revisions\/3743"}],"wp:attachment":[{"href":"https:\/\/www.mtr.es\/index.php\/wp-json\/wp\/v2\/media?parent=3655"}],"curies":[{"name":"wp","href":"https:\/\/api.w.org\/{rel}","templated":true}]}}