{"id":855,"date":"2021-09-16T11:56:07","date_gmt":"2021-09-16T09:56:07","guid":{"rendered":"https:\/\/www2.mtr.es\/?page_id=855"},"modified":"2022-12-05T11:13:51","modified_gmt":"2022-12-05T10:13:51","slug":"lopd","status":"publish","type":"page","link":"https:\/\/www.mtr.es\/index.php\/lopd\/","title":{"rendered":"LOPD"},"content":{"rendered":"\t\t<div data-elementor-type=\"wp-page\" data-elementor-id=\"855\" class=\"elementor elementor-855\">\n\t\t\t\t\t\t<section class=\"elementor-section elementor-top-section elementor-element elementor-element-76a1e3e elementor-section-stretched elementor-section-boxed elementor-section-height-default elementor-section-height-default\" data-id=\"76a1e3e\" data-element_type=\"section\" data-e-type=\"section\" data-settings=\"{&quot;background_background&quot;:&quot;classic&quot;,&quot;stretch_section&quot;:&quot;section-stretched&quot;}\">\n\t\t\t\t\t\t\t<div class=\"elementor-background-overlay\"><\/div>\n\t\t\t\t\t\t\t<div class=\"elementor-container elementor-column-gap-no\">\n\t\t\t\t\t<div class=\"elementor-column elementor-col-50 elementor-top-column elementor-element elementor-element-6ae8082\" data-id=\"6ae8082\" data-element_type=\"column\" data-e-type=\"column\">\n\t\t\t<div class=\"elementor-widget-wrap elementor-element-populated\">\n\t\t\t\t\t\t<div class=\"elementor-element elementor-element-6e8586e elementor-widget elementor-widget-heading\" data-id=\"6e8586e\" data-element_type=\"widget\" data-e-type=\"widget\" data-widget_type=\"heading.default\">\n\t\t\t\t<div class=\"elementor-widget-container\">\n\t\t\t\t\t<h5 class=\"elementor-heading-title elementor-size-default\">Protecci\u00f3n de datos GDPR<\/h5>\t\t\t\t<\/div>\n\t\t\t\t<\/div>\n\t\t\t\t<div class=\"elementor-element elementor-element-8263d90 elementor-widget elementor-widget-text-editor\" data-id=\"8263d90\" data-element_type=\"widget\" data-e-type=\"widget\" data-widget_type=\"text-editor.default\">\n\t\t\t\t<div class=\"elementor-widget-container\">\n\t\t\t\t\t\t\t\t\t<p>MTR proporciona servicios de consultor\u00eda de Protecci\u00f3n de Datos, en asociaci\u00f3n con ASF Consultores empresa especializada exclusivamente en la tem\u00e1tica de privacidad.<\/p>\t\t\t\t\t\t\t\t<\/div>\n\t\t\t\t<\/div>\n\t\t\t\t<div class=\"elementor-element elementor-element-9ee2cae elementor-widget elementor-widget-button\" data-id=\"9ee2cae\" data-element_type=\"widget\" data-e-type=\"widget\" data-widget_type=\"button.default\">\n\t\t\t\t<div class=\"elementor-widget-container\">\n\t\t\t\t\t\t\t\t\t<div class=\"elementor-button-wrapper\">\n\t\t\t\t\t<a class=\"elementor-button elementor-button-link elementor-size-sm\" href=\"\/index.php\/contactar\/\">\n\t\t\t\t\t\t<span class=\"elementor-button-content-wrapper\">\n\t\t\t\t\t\t\t\t\t<span class=\"elementor-button-text\">SOLICITA UNA DEMO<\/span>\n\t\t\t\t\t<\/span>\n\t\t\t\t\t<\/a>\n\t\t\t\t<\/div>\n\t\t\t\t\t\t\t\t<\/div>\n\t\t\t\t<\/div>\n\t\t\t\t\t<\/div>\n\t\t<\/div>\n\t\t\t\t<div class=\"elementor-column elementor-col-50 elementor-top-column elementor-element elementor-element-ce0711a\" data-id=\"ce0711a\" data-element_type=\"column\" data-e-type=\"column\">\n\t\t\t<div class=\"elementor-widget-wrap elementor-element-populated\">\n\t\t\t\t\t\t<div class=\"elementor-element elementor-element-7f2ffe5 elementor-widget elementor-widget-image\" data-id=\"7f2ffe5\" data-element_type=\"widget\" data-e-type=\"widget\" data-widget_type=\"image.default\">\n\t\t\t\t<div class=\"elementor-widget-container\">\n\t\t\t\t\t\t\t\t\t\t\t\t\t\t\t<img decoding=\"async\" src=\"https:\/\/www.mtr.es\/wp-content\/uploads\/2021\/09\/GDPR-600x530.png\" title=\"GDPR\" alt=\"GDPR\" loading=\"lazy\" \/>\t\t\t\t\t\t\t\t\t\t\t\t\t\t\t<\/div>\n\t\t\t\t<\/div>\n\t\t\t\t\t<\/div>\n\t\t<\/div>\n\t\t\t\t\t<\/div>\n\t\t<\/section>\n\t\t\t\t<section class=\"elementor-section elementor-top-section elementor-element elementor-element-54fc1d2 elementor-section-boxed elementor-section-height-default elementor-section-height-default\" data-id=\"54fc1d2\" data-element_type=\"section\" data-e-type=\"section\">\n\t\t\t\t\t\t<div class=\"elementor-container elementor-column-gap-default\">\n\t\t\t\t\t<div class=\"elementor-column elementor-col-100 elementor-top-column elementor-element elementor-element-10581f3\" data-id=\"10581f3\" data-element_type=\"column\" data-e-type=\"column\">\n\t\t\t<div class=\"elementor-widget-wrap elementor-element-populated\">\n\t\t\t\t\t\t<div class=\"elementor-element elementor-element-109912a elementor-widget elementor-widget-text-editor\" data-id=\"109912a\" data-element_type=\"widget\" data-e-type=\"widget\" data-widget_type=\"text-editor.default\">\n\t\t\t\t<div class=\"elementor-widget-container\">\n\t\t\t\t\t\t\t\t\t<p><span style=\"font-style: inherit; font-weight: inherit; color: var( --e-global-color-text ); font-family: var( --e-global-typography-text-font-family ), Sans-serif;\">Actualmente hay dos grandes marcos jur\u00eddicos: GDPR (Reglamento Europeo de Protecci\u00f3n de Datos), de cumplimiento obligatorio desde mayo de 2018, y LOPDGDD (Ley Org\u00e1nica de Protecci\u00f3n de Datos y de Garant\u00eda de Derechos Digitales) , vigente desde 5 de diciembre de 2018, y que deroga en dicha fecha a la antigua LOPD de 1999.<\/span><\/p>\n<p>En MTR analizamos todos los tratamiento que realiza su empresa con datos personales y formalizamos todas las obligaciones que tiene su empresa. Principalmente:<\/p>\n<ul>\n<li>Cumplimentamos los \u201c<strong><em>Contratos de Confidencialidad<\/em><\/strong>\u201d de los empleados<\/li>\n<li>Cumplimentamos los \u201c<strong><em>Contratos de Encargado de Tratamiento<\/em><\/strong>\u201d de las empresas externas con acceso a datos personales (por ejemplo, la asesor\u00eda laboral que confecciona las n\u00f3minas) y de \u201c<strong><em>Cesi\u00f3n de datos<\/em><\/strong>\u201d si corresponde .<\/li>\n<li>Proporcionamos los textos que deben reflejarse en el pie de los correos electr\u00f3nicos, facturas, presupuestos, etc,&nbsp; para cumplir con el \u201c<strong><em>Deber de informaci\u00f3n<\/em><\/strong>\u201d sobre el tratamiento que dar\u00e1 a la empresa a los datos personales suministrados.<\/li>\n<li>Redactamos los textos legales obligatorios en toda p\u00e1gina Web (<strong><em>Aviso Legal, Pol\u00edtica de Privacidad, Cl\u00e1usulas de consentimiento, Pol\u00edtica de cookies<\/em><\/strong>)<\/li>\n<li>Redactamos los informes reglamentarios y la consultor\u00eda que se documenta bajo la denominaci\u00f3n de \u201c<strong><em>Registro de tratamiento<\/em><\/strong>\u201d<\/li>\n<li>Entregamos certificado de cumplimiento de la empresa con los requisitos de Protecci\u00f3n de Datos Personales<\/li>\n<li>Le damos asesoramiento legal y servicio permanente a su empresa.<\/li>\n<\/ul>\n<p>La totalidad de la documentaci\u00f3n mencionada se deposita en nuestro software en la nube, en un apartado exclusivo de la empresa (con acceso desde la empresa).<\/p>\t\t\t\t\t\t\t\t<\/div>\n\t\t\t\t<\/div>\n\t\t\t\t\t<\/div>\n\t\t<\/div>\n\t\t\t\t\t<\/div>\n\t\t<\/section>\n\t\t\t\t<section class=\"elementor-section elementor-top-section elementor-element elementor-element-06193cd elementor-section-boxed elementor-section-height-default elementor-section-height-default\" data-id=\"06193cd\" data-element_type=\"section\" data-e-type=\"section\">\n\t\t\t\t\t\t<div class=\"elementor-container elementor-column-gap-default\">\n\t\t\t\t\t<div class=\"elementor-column elementor-col-100 elementor-top-column elementor-element elementor-element-c6669fa\" data-id=\"c6669fa\" data-element_type=\"column\" data-e-type=\"column\">\n\t\t\t<div class=\"elementor-widget-wrap elementor-element-populated\">\n\t\t\t\t\t\t<div class=\"elementor-element elementor-element-d9d9c52 elementor-widget elementor-widget-wp-widget-custom_html\" data-id=\"d9d9c52\" data-element_type=\"widget\" data-e-type=\"widget\" data-widget_type=\"wp-widget-custom_html.default\">\n\t\t\t\t<div class=\"elementor-widget-container\">\n\t\t\t\t\t<div class=\"textwidget custom-html-widget\"><table cellpadding=\"5\" cellspacing=\"0\" style=\"width:100%\" width=\"100%\">\r\n\t<tbody>\r\n\t\t<tr>\r\n\t\t\t<th rowspan=\"2\" style=\"text-align:left\" width=\"70%\">\r\n\t\t\t<h4><strong><span style=\"color:#ff9933\">Tarifa<\/span><\/strong><\/h4>\r\n\t\t\t<\/th>\r\n\t\t\t<th rowspan=\"2\" style=\"vertical-align: bottom\" width=\"5%\">GDPR<br \/>\r\n\t\t\tLOPDGDD<\/th>\r\n\t\t\t<th rowspan=\"2\" style=\"vertical-align: bottom\" width=\"5%\">WEB<\/th>\r\n\t\t\t<th rowspan=\"2\" width=\"5%\"><\/th>\r\n\t\t\t<th colspan=\"2\" style=\"border:0\" width=\"5%\">Precio (&euro;)<\/th>\r\n\t\t<\/tr>\r\n\t\t<tr>\r\n\t\t\t<th>Adaptaci\u00f3n<\/th>\r\n\t\t\t<th>Mantenimiento<\/th>\r\n\t\t<\/tr>\r\n\t\t<tr>\r\n\t\t\t<td>Microempresa \/ Aut\u00f3nomo<\/td>\r\n\t\t\t<td style=\"text-align: center\"><img decoding=\"async\" alt=\"\" height=\"24\" src=\"https:\/\/www.mtr.es\/wp-content\/uploads\/2021\/11\/ok.png\" width=\"24\" \/><\/td>\r\n\t\t\t<td style=\"text-align: center\"><img decoding=\"async\" alt=\"\" height=\"24\" src=\"https:\/\/www.mtr.es\/wp-content\/uploads\/2021\/11\/ok.png\" width=\"24\" \/><\/td>\r\n\t\t\t<td style=\"text-align: center\"><\/td>\r\n\t\t\t<td style=\"text-align: center\">330<\/td>\r\n\t\t\t<td style=\"text-align: center\">220<\/td>\r\n\t\t<\/tr>\r\n\t\t<tr>\r\n\t\t\t<td>Empresa peque\u00f1a (hasta 10 trabajadores)<\/td>\r\n\t\t\t<td style=\"text-align: center\"><img decoding=\"async\" alt=\"\" height=\"24\" src=\"https:\/\/www.mtr.es\/wp-content\/uploads\/2021\/11\/ok.png\" width=\"24\" \/><\/td>\r\n\t\t\t<td style=\"text-align: center\"><img decoding=\"async\" alt=\"\" height=\"24\" src=\"https:\/\/www.mtr.es\/wp-content\/uploads\/2021\/11\/ok.png\" width=\"24\" \/><\/td>\r\n\t\t\t<td style=\"text-align: center\"><\/td>\r\n\t\t\t<td style=\"text-align: center\">450<\/td>\r\n\t\t\t<td style=\"text-align: center\">360<\/td>\r\n\t\t<\/tr>\r\n\t\t<tr>\r\n\t\t\t<td>Empresa mediana (de 11 a 25 trabajadores)<\/td>\r\n\t\t\t<td style=\"text-align: center\"><img decoding=\"async\" alt=\"\" height=\"24\" src=\"https:\/\/www.mtr.es\/wp-content\/uploads\/2021\/11\/ok.png\" width=\"24\" \/><\/td>\r\n\t\t\t<td style=\"text-align: center\"><img decoding=\"async\" alt=\"\" height=\"24\" src=\"https:\/\/www.mtr.es\/wp-content\/uploads\/2021\/11\/ok.png\" width=\"24\" \/><\/td>\r\n\t\t\t<td style=\"text-align: center\"><\/td>\r\n\t\t\t<td style=\"text-align: center\">660<\/td>\r\n\t\t\t<td style=\"text-align: center\">450<\/td>\r\n\t\t<\/tr>\r\n\t\t<tr>\r\n\t\t\t<td>Empresa mediana (de 26 a 50 trabajadores)<\/td>\r\n\t\t\t<td style=\"text-align: center\"><img decoding=\"async\" alt=\"\" height=\"24\" src=\"https:\/\/www.mtr.es\/wp-content\/uploads\/2021\/11\/ok.png\" width=\"24\" \/><\/td>\r\n\t\t\t<td style=\"text-align: center\"><img decoding=\"async\" alt=\"\" height=\"24\" src=\"https:\/\/www.mtr.es\/wp-content\/uploads\/2021\/11\/ok.png\" width=\"24\" \/><\/td>\r\n\t\t\t<td style=\"text-align: center\"><\/td>\r\n\t\t\t<td style=\"text-align: center\">1320<\/td>\r\n\t\t\t<td style=\"text-align: center\">750<\/td>\r\n\t\t<\/tr>\r\n\t\t<tr>\r\n\t\t\t<td>Empresas grandes \/ Corporaciones \/ Grupo de empresas<\/td>\r\n\t\t\t<td style=\"text-align: center\"><img decoding=\"async\" alt=\"\" height=\"24\" src=\"https:\/\/www.mtr.es\/wp-content\/uploads\/2021\/11\/ok.png\" width=\"24\" \/><\/td>\r\n\t\t\t<td style=\"text-align: center\"><img decoding=\"async\" alt=\"\" height=\"24\" src=\"https:\/\/www.mtr.es\/wp-content\/uploads\/2021\/11\/ok.png\" width=\"24\" \/><\/td>\r\n\t\t\t<td style=\"text-align: center\"><\/td>\r\n\t\t\t<td colspan=\"2\" style=\"text-align: center\">Consultar<\/td>\r\n\t\t<\/tr>\r\n\t<\/tbody>\r\n<\/table>\r\n\r\n<p><\/div>\t\t\t\t<\/div>\n\t\t\t\t<\/div>\n\t\t\t\t\t<\/div>\n\t\t<\/div>\n\t\t\t\t\t<\/div>\n\t\t<\/section>\n\t\t\t\t<section class=\"elementor-section elementor-top-section elementor-element elementor-element-ccd31b5 elementor-section-boxed elementor-section-height-default elementor-section-height-default\" data-id=\"ccd31b5\" data-element_type=\"section\" data-e-type=\"section\">\n\t\t\t\t\t\t<div class=\"elementor-container elementor-column-gap-default\">\n\t\t\t\t\t<div class=\"elementor-column elementor-col-100 elementor-top-column elementor-element elementor-element-e2560bf\" data-id=\"e2560bf\" data-element_type=\"column\" data-e-type=\"column\">\n\t\t\t<div class=\"elementor-widget-wrap elementor-element-populated\">\n\t\t\t\t\t\t<div class=\"elementor-element elementor-element-0b63944 elementor-widget elementor-widget-spacer\" data-id=\"0b63944\" data-element_type=\"widget\" data-e-type=\"widget\" data-widget_type=\"spacer.default\">\n\t\t\t\t<div class=\"elementor-widget-container\">\n\t\t\t\t\t\t\t<div class=\"elementor-spacer\">\n\t\t\t<div class=\"elementor-spacer-inner\"><\/div>\n\t\t<\/div>\n\t\t\t\t\t\t<\/div>\n\t\t\t\t<\/div>\n\t\t\t\t\t<\/div>\n\t\t<\/div>\n\t\t\t\t\t<\/div>\n\t\t<\/section>\n\t\t\t\t<section class=\"elementor-section elementor-top-section elementor-element elementor-element-ae9fc08 elementor-section-stretched elementor-section-boxed elementor-section-height-default elementor-section-height-default\" data-id=\"ae9fc08\" data-element_type=\"section\" data-e-type=\"section\" data-settings=\"{&quot;background_background&quot;:&quot;gradient&quot;,&quot;stretch_section&quot;:&quot;section-stretched&quot;}\">\n\t\t\t\t\t\t<div class=\"elementor-container elementor-column-gap-no\">\n\t\t\t\t\t<div class=\"elementor-column elementor-col-100 elementor-top-column elementor-element elementor-element-132376b\" data-id=\"132376b\" data-element_type=\"column\" data-e-type=\"column\">\n\t\t\t<div class=\"elementor-widget-wrap elementor-element-populated\">\n\t\t\t\t\t\t<div class=\"elementor-element elementor-element-1bda294 elementor-widget elementor-widget-heading\" data-id=\"1bda294\" data-element_type=\"widget\" data-e-type=\"widget\" data-widget_type=\"heading.default\">\n\t\t\t\t<div class=\"elementor-widget-container\">\n\t\t\t\t\t<h3 class=\"elementor-heading-title elementor-size-default\">\u00bfQuieres m\u00e1s informaci\u00f3n?<\/h3>\t\t\t\t<\/div>\n\t\t\t\t<\/div>\n\t\t\t\t<div class=\"elementor-element elementor-element-c906d98 elementor-widget elementor-widget-text-editor\" data-id=\"c906d98\" data-element_type=\"widget\" data-e-type=\"widget\" data-widget_type=\"text-editor.default\">\n\t\t\t\t<div class=\"elementor-widget-container\">\n\t\t\t\t\t\t\t\t\t<p><span style=\"font-style: inherit; font-weight: inherit; text-align: left; letter-spacing: 0px; background-color: transparent;\">Siempre puedes hablar con alguno de nuestros expertos en GDPR.<\/span><\/p>\t\t\t\t\t\t\t\t<\/div>\n\t\t\t\t<\/div>\n\t\t\t\t<div class=\"elementor-element elementor-element-34dea5c elementor-align-center elementor-widget elementor-widget-button\" data-id=\"34dea5c\" data-element_type=\"widget\" data-e-type=\"widget\" data-widget_type=\"button.default\">\n\t\t\t\t<div class=\"elementor-widget-container\">\n\t\t\t\t\t\t\t\t\t<div class=\"elementor-button-wrapper\">\n\t\t\t\t\t<a class=\"elementor-button elementor-button-link elementor-size-sm\" href=\"\/index.php\/contactar\/\">\n\t\t\t\t\t\t<span class=\"elementor-button-content-wrapper\">\n\t\t\t\t\t\t\t\t\t<span class=\"elementor-button-text\">\u00bfTE LLAMAMOS?<\/span>\n\t\t\t\t\t<\/span>\n\t\t\t\t\t<\/a>\n\t\t\t\t<\/div>\n\t\t\t\t\t\t\t\t<\/div>\n\t\t\t\t<\/div>\n\t\t\t\t\t<\/div>\n\t\t<\/div>\n\t\t\t\t\t<\/div>\n\t\t<\/section>\n\t\t\t\t<\/div>\n\t\t","protected":false},"excerpt":{"rendered":"<p>Protecci\u00f3n de datos GDPR MTR proporciona servicios de consultor\u00eda de Protecci\u00f3n de Datos, en asociaci\u00f3n con ASF Consultores empresa especializada exclusivamente en la tem\u00e1tica de privacidad. SOLICITA UNA DEMO Actualmente hay dos grandes marcos jur\u00eddicos: GDPR (Reglamento Europeo de Protecci\u00f3n de Datos), de cumplimiento obligatorio desde mayo de 2018, y LOPDGDD (Ley Org\u00e1nica de Protecci\u00f3n [&hellip;]<\/p>\n","protected":false},"author":1,"featured_media":0,"parent":0,"menu_order":0,"comment_status":"closed","ping_status":"closed","template":"","meta":{"zakra_page_container_layout":"customizer","zakra_page_sidebar_layout":"customizer","zakra_remove_content_margin":false,"zakra_sidebar":"customizer","zakra_transparent_header":"customizer","zakra_logo":0,"zakra_main_header_style":"default","zakra_menu_item_color":"","zakra_menu_item_hover_color":"","zakra_menu_item_active_color":"","zakra_menu_active_style":"","zakra_page_header":true,"footnotes":""},"class_list":["post-855","page","type-page","status-publish","hentry"],"_links":{"self":[{"href":"https:\/\/www.mtr.es\/index.php\/wp-json\/wp\/v2\/pages\/855","targetHints":{"allow":["GET"]}}],"collection":[{"href":"https:\/\/www.mtr.es\/index.php\/wp-json\/wp\/v2\/pages"}],"about":[{"href":"https:\/\/www.mtr.es\/index.php\/wp-json\/wp\/v2\/types\/page"}],"author":[{"embeddable":true,"href":"https:\/\/www.mtr.es\/index.php\/wp-json\/wp\/v2\/users\/1"}],"replies":[{"embeddable":true,"href":"https:\/\/www.mtr.es\/index.php\/wp-json\/wp\/v2\/comments?post=855"}],"version-history":[{"count":29,"href":"https:\/\/www.mtr.es\/index.php\/wp-json\/wp\/v2\/pages\/855\/revisions"}],"predecessor-version":[{"id":1763,"href":"https:\/\/www.mtr.es\/index.php\/wp-json\/wp\/v2\/pages\/855\/revisions\/1763"}],"wp:attachment":[{"href":"https:\/\/www.mtr.es\/index.php\/wp-json\/wp\/v2\/media?parent=855"}],"curies":[{"name":"wp","href":"https:\/\/api.w.org\/{rel}","templated":true}]}}